{"id":29,"date":"2025-03-31T22:26:41","date_gmt":"2025-03-31T20:26:41","guid":{"rendered":"https:\/\/joyasdaterra.org\/?page_id=29"},"modified":"2025-09-19T15:18:46","modified_gmt":"2025-09-19T13:18:46","slug":"joyas-da-terra","status":"publish","type":"page","link":"https:\/\/joyasdaterra.org\/","title":{"rendered":"Home"},"content":{"rendered":"\t\t<div data-elementor-type=\"wp-post\" data-elementor-id=\"29\" class=\"elementor elementor-29\" data-elementor-post-type=\"page\">\n\t\t\t\t<div class=\"elementor-element elementor-element-7d01a9f e-con-full e-flex e-con e-parent\" data-id=\"7d01a9f\" data-element_type=\"container\" data-settings=\"{&quot;background_background&quot;:&quot;slideshow&quot;,&quot;background_slideshow_gallery&quot;:[{&quot;id&quot;:70,&quot;url&quot;:&quot;http:\\\/\\\/joyasdaterra.org\\\/wp-content\\\/uploads\\\/2025\\\/03\\\/Yassine.jpg&quot;},{&quot;id&quot;:71,&quot;url&quot;:&quot;http:\\\/\\\/joyasdaterra.org\\\/wp-content\\\/uploads\\\/2025\\\/03\\\/Joana.jpg&quot;}],&quot;background_slideshow_transition_duration&quot;:1500,&quot;background_slideshow_loop&quot;:&quot;yes&quot;,&quot;background_slideshow_slide_duration&quot;:5000,&quot;background_slideshow_slide_transition&quot;:&quot;fade&quot;}\">\n\t\t\t\t<div class=\"elementor-element elementor-element-ae9dae6 elementor-widget__width-initial elementor-widget elementor-widget-heading\" data-id=\"ae9dae6\" data-element_type=\"widget\" data-widget_type=\"heading.default\">\n\t\t\t\t<div class=\"elementor-widget-container\">\n\t\t\t\t\t<h1 class=\"elementor-heading-title elementor-size-default\">JOYAS DA TERRA. PERMACULTURA E YOGA NA SERRA DO SOAJO.\u200b<\/h1>\t\t\t\t<\/div>\n\t\t\t\t<\/div>\n\t\t\t\t<\/div>\n\t\t<div class=\"elementor-element elementor-element-48c0bf3 e-flex e-con-boxed e-con e-parent\" data-id=\"48c0bf3\" data-element_type=\"container\">\n\t\t\t\t\t<div class=\"e-con-inner\">\n\t\t<div class=\"elementor-element elementor-element-99f550e e-con-full e-flex e-con e-child\" data-id=\"99f550e\" data-element_type=\"container\">\n\t\t\t\t<div class=\"elementor-element elementor-element-e146333 elementor-cta--valign-middle elementor-cta--skin-classic elementor-animated-content elementor-bg-transform elementor-bg-transform-zoom-in elementor-widget elementor-widget-call-to-action\" data-id=\"e146333\" data-element_type=\"widget\" data-widget_type=\"call-to-action.default\">\n\t\t\t\t<div class=\"elementor-widget-container\">\n\t\t\t\t\t\t\t<div class=\"elementor-cta\">\n\t\t\t\t\t<div class=\"elementor-cta__bg-wrapper\">\n\t\t\t\t<div class=\"elementor-cta__bg elementor-bg\" style=\"background-image: url(https:\/\/joyasdaterra.org\/wp-content\/uploads\/2025\/04\/familia.jpg);\" role=\"img\" aria-label=\"Fam\u00edlia\"><\/div>\n\t\t\t\t<div class=\"elementor-cta__bg-overlay\"><\/div>\n\t\t\t<\/div>\n\t\t\t\t\t\t\t\t<\/div>\n\t\t\t\t\t\t<\/div>\n\t\t\t\t<\/div>\n\t\t\t\t<\/div>\n\t\t<div class=\"elementor-element elementor-element-ae1e762 e-con-full e-flex e-con e-child\" data-id=\"ae1e762\" data-element_type=\"container\">\n\t\t\t\t<div class=\"elementor-element elementor-element-fea38da elementor-widget elementor-widget-heading\" data-id=\"fea38da\" data-element_type=\"widget\" data-widget_type=\"heading.default\">\n\t\t\t\t<div class=\"elementor-widget-container\">\n\t\t\t\t\t<h2 class=\"elementor-heading-title elementor-size-default\">Sobre n\u00f3s<\/h2>\t\t\t\t<\/div>\n\t\t\t\t<\/div>\n\t\t\t\t<div class=\"elementor-element elementor-element-5835ec2 elementor-widget elementor-widget-heading\" data-id=\"5835ec2\" data-element_type=\"widget\" data-widget_type=\"heading.default\">\n\t\t\t\t<div class=\"elementor-widget-container\">\n\t\t\t\t\t<h1 class=\"elementor-heading-title elementor-size-default\">Joyas da Terra<\/h1>\t\t\t\t<\/div>\n\t\t\t\t<\/div>\n\t\t\t\t<div class=\"elementor-element elementor-element-fe10111 elementor-widget elementor-widget-text-editor\" data-id=\"fe10111\" data-element_type=\"widget\" data-widget_type=\"text-editor.default\">\n\t\t\t\t<div class=\"elementor-widget-container\">\n\t\t\t\t\t\t\t\t\t<p>Joyas da Terra \u00e9 a express\u00e3o da nossa liga\u00e7\u00e3o com a natureza e tamb\u00e9m as primeiras letras dos nossos nomes. Caminhamos juntos h\u00e1 mais de quinze anos e vivemos em harmonia com a Terra. Para n\u00f3s a experi\u00eancia de viver uma vida de simplicidade, numa casa feita por n\u00f3s com materiais naturais, cultivando a nossa pr\u00f3pria comida e cultivando o nosso jardim interior, traz \u00e0 vida uma energia m\u00e1gica.<\/p><p>Encontramos o nosso espa\u00e7o no norte de Portugal, no Soajo, em pleno Parque Natural de Ger\u00eas, onde praticamos Permacultura e Yoga e abrimos os bra\u00e7os a todos os que queiram partilhar esta magia connosco.<\/p>\t\t\t\t\t\t\t\t<\/div>\n\t\t\t\t<\/div>\n\t\t\t\t<div class=\"elementor-element elementor-element-3af6488 elementor-align-left elementor-widget elementor-widget-button\" data-id=\"3af6488\" data-element_type=\"widget\" data-widget_type=\"button.default\">\n\t\t\t\t<div class=\"elementor-widget-container\">\n\t\t\t\t\t\t\t\t\t<div class=\"elementor-button-wrapper\">\n\t\t\t\t\t<a class=\"elementor-button elementor-button-link elementor-size-sm\" href=\"https:\/\/joyasdaterra.org\/index.php\/sobre-nos\/\">\n\t\t\t\t\t\t<span class=\"elementor-button-content-wrapper\">\n\t\t\t\t\t\t\t\t\t<span class=\"elementor-button-text\">Sobre N\u00f3s<\/span>\n\t\t\t\t\t<\/span>\n\t\t\t\t\t<\/a>\n\t\t\t\t<\/div>\n\t\t\t\t\t\t\t\t<\/div>\n\t\t\t\t<\/div>\n\t\t\t\t<\/div>\n\t\t\t\t\t<\/div>\n\t\t\t\t<\/div>\n\t\t<div class=\"elementor-element elementor-element-22b5638 e-flex e-con-boxed e-con e-parent\" data-id=\"22b5638\" data-element_type=\"container\">\n\t\t\t\t\t<div class=\"e-con-inner\">\n\t\t<div class=\"elementor-element elementor-element-0999608 e-con-full e-flex e-con e-child\" data-id=\"0999608\" data-element_type=\"container\">\n\t\t\t\t<div class=\"elementor-element elementor-element-92261f7 elementor-widget elementor-widget-heading\" data-id=\"92261f7\" data-element_type=\"widget\" data-widget_type=\"heading.default\">\n\t\t\t\t<div class=\"elementor-widget-container\">\n\t\t\t\t\t<h2 class=\"elementor-heading-title elementor-size-default\">Partilhamos no Soajo<\/h2>\t\t\t\t<\/div>\n\t\t\t\t<\/div>\n\t\t\t\t<div class=\"elementor-element elementor-element-e5f4a2f elementor-widget elementor-widget-text-editor\" data-id=\"e5f4a2f\" data-element_type=\"widget\" data-widget_type=\"text-editor.default\">\n\t\t\t\t<div class=\"elementor-widget-container\">\n\t\t\t\t\t\t\t\t\t<p>Dedicamo-nos a cultivar uma vida em harmonia com a natureza e desse percurso fomos criando bases que agora nos permitem partilhar com outros. Oferecemos cursos de Regenera\u00e7\u00e3o de solos, consultoria, Permacultura e retiros de Yoga.\u00a0<\/p>\t\t\t\t\t\t\t\t<\/div>\n\t\t\t\t<\/div>\n\t\t\t\t<\/div>\n\t\t<div class=\"elementor-element elementor-element-2b77dcb e-con-full e-flex e-con e-child\" data-id=\"2b77dcb\" data-element_type=\"container\">\n\t\t\t\t<div class=\"elementor-element elementor-element-3c9af8b elementor-widget__width-inherit elementor-view-default elementor-widget elementor-widget-icon\" data-id=\"3c9af8b\" data-element_type=\"widget\" data-widget_type=\"icon.default\">\n\t\t\t\t<div class=\"elementor-widget-container\">\n\t\t\t\t\t\t\t<div class=\"elementor-icon-wrapper\">\n\t\t\t<div class=\"elementor-icon\">\n\t\t\t<svg xmlns=\"http:\/\/www.w3.org\/2000\/svg\" id=\"bed5885e-0662-429e-ae8c-0b9a8e535c13\" data-name=\"Layer 1\" width=\"91.8547\" height=\"74.6427\" viewBox=\"0 0 91.8547 74.6427\"><path d=\"M90.7044,1.4952a4.5,4.5,0,1,0-.345,6.3547A4.5,4.5,0,0,0,90.7044,1.4952Z\" transform=\"translate(0 0)\"><\/path><path d=\"M61,11.1453a1,1,0,0,0,1,1H75.5877C65.2629,19.8084,61.428,27.2272,56.11,37.5163c-1.74,3.3672-3.64,7.0417-5.9777,11.1328C37.52,70.72,13.5082,72.5605.9954,72.6425A1.0012,1.0012,0,0,0,0,73.6457a.9909.9909,0,0,0,.9949.997c12.5657-.08,37.6686-1.893,50.8733-25.0013,2.4318-4.2555,4.3782-8.0176,6.1389-11.4208C63.4713,27.659,67.1484,20.5517,78,12.8665V28.1453a1,1,0,0,0,2,0v-18H62A1,1,0,0,0,61,11.1453Z\" transform=\"translate(0 0)\"><\/path><\/svg>\t\t\t<\/div>\n\t\t<\/div>\n\t\t\t\t\t\t<\/div>\n\t\t\t\t<\/div>\n\t\t\t\t<div class=\"elementor-element elementor-element-2f5150b elementor-widget elementor-widget-heading\" data-id=\"2f5150b\" data-element_type=\"widget\" data-widget_type=\"heading.default\">\n\t\t\t\t<div class=\"elementor-widget-container\">\n\t\t\t\t\t<h2 class=\"elementor-heading-title elementor-size-default\">Consultoria<\/h2>\t\t\t\t<\/div>\n\t\t\t\t<\/div>\n\t\t\t\t<div class=\"elementor-element elementor-element-5255ee2 elementor-widget elementor-widget-text-editor\" data-id=\"5255ee2\" data-element_type=\"widget\" data-widget_type=\"text-editor.default\">\n\t\t\t\t<div class=\"elementor-widget-container\">\n\t\t\t\t\t\t\t\t\t<p>Prestamos servi\u00e7os de consultoria a projetos que queiram trazer para o terreno a harmonia e efici\u00eancia que um design de Permacultura.<\/p>\t\t\t\t\t\t\t\t<\/div>\n\t\t\t\t<\/div>\n\t\t\t\t<div class=\"elementor-element elementor-element-f393af0 elementor-align-left elementor-widget elementor-widget-button\" data-id=\"f393af0\" data-element_type=\"widget\" data-widget_type=\"button.default\">\n\t\t\t\t<div class=\"elementor-widget-container\">\n\t\t\t\t\t\t\t\t\t<div class=\"elementor-button-wrapper\">\n\t\t\t\t\t<a class=\"elementor-button elementor-button-link elementor-size-sm\" href=\"https:\/\/joyasdaterra.org\/index.php\/consultoria\/\">\n\t\t\t\t\t\t<span class=\"elementor-button-content-wrapper\">\n\t\t\t\t\t\t\t\t\t<span class=\"elementor-button-text\">Sabe mais<\/span>\n\t\t\t\t\t<\/span>\n\t\t\t\t\t<\/a>\n\t\t\t\t<\/div>\n\t\t\t\t\t\t\t\t<\/div>\n\t\t\t\t<\/div>\n\t\t\t\t<\/div>\n\t\t<div class=\"elementor-element elementor-element-7bac717 e-con-full e-flex e-con e-child\" data-id=\"7bac717\" data-element_type=\"container\">\n\t\t\t\t<div class=\"elementor-element elementor-element-da1223b elementor-widget__width-inherit elementor-view-default elementor-widget elementor-widget-icon\" data-id=\"da1223b\" data-element_type=\"widget\" data-widget_type=\"icon.default\">\n\t\t\t\t<div class=\"elementor-widget-container\">\n\t\t\t\t\t\t\t<div class=\"elementor-icon-wrapper\">\n\t\t\t<div class=\"elementor-icon\">\n\t\t\t<svg xmlns=\"http:\/\/www.w3.org\/2000\/svg\" id=\"af9ca67b-95be-4f98-9f6f-2a3c9fdcff41\" data-name=\"Layer 1\" width=\"81.3509\" height=\"75.4557\" viewBox=\"0 0 81.3509 75.4557\"><path d=\"M78.9252,22.1966A4.5,4.5,0,1,0,76.8238,30.69c2.9986,13.2136-2.9278,28.21-15.96,36.9757C44.34,78.7806,22.9031,75.5376,12.9226,60.7A30.6173,30.6173,0,0,1,9.1464,34.51c4.8142,1.9311,10.8685,1.7539,16.6905-.4468l.0109.0273q.6289-.2515,1.2652-.5439.5529-.2388,1.1012-.5022l-.0125-.026a33.254,33.254,0,0,0,5.1743-3.2978,28.36,28.36,0,0,0,8.3591-9.8678c1.5464-3.2907,1.902-6.6877.0615-9.07S36.5794,7.886,33.0048,8.551a26.9591,26.9591,0,0,0-9.781,4.2415l-.0011-.0016A39.7647,39.7647,0,0,0,7.986,31.7032a12.1035,12.1035,0,0,1-3.916-3.66C1.6747,24.4823,1.3992,19.89,3.028,15.2672A26.1139,26.1139,0,0,1,13.2317,2.6594,1,1,0,1,0,12.1155,1,28.1054,28.1054,0,0,0,1.1417,14.6025C-.6437,19.67-.4186,24.9537,2.4105,29.16a14.1486,14.1486,0,0,0,4.9113,4.483A32.57,32.57,0,0,0,11.263,61.8158c10.6948,15.9,33.4288,19.1383,50.7167,7.51,13.6576-9.1866,19.9884-24.987,16.7966-39.069a4.5,4.5,0,0,0,.1489-8.06Zm-56.3666-6.48.01.0124a26.3845,26.3845,0,0,1,10.8024-5.2119c3.32-.6176,5.6992.0069,6.8433,1.4879s1.1472,3.9412-.2889,6.9972a26.3857,26.3857,0,0,1-7.7716,9.1356,30.6156,30.6156,0,0,1-5.8766,3.592c-5.9205,2.5524-11.9271,2.7521-16.4927.8681A37.327,37.327,0,0,1,22.5586,15.7168Z\" transform=\"translate(0 -0.8296)\" style=\"fill-rule:evenodd\"><\/path><\/svg>\t\t\t<\/div>\n\t\t<\/div>\n\t\t\t\t\t\t<\/div>\n\t\t\t\t<\/div>\n\t\t\t\t<div class=\"elementor-element elementor-element-33e78a1 elementor-widget elementor-widget-heading\" data-id=\"33e78a1\" data-element_type=\"widget\" data-widget_type=\"heading.default\">\n\t\t\t\t<div class=\"elementor-widget-container\">\n\t\t\t\t\t<h2 class=\"elementor-heading-title elementor-size-default\">Actividades<\/h2>\t\t\t\t<\/div>\n\t\t\t\t<\/div>\n\t\t\t\t<div class=\"elementor-element elementor-element-2bbb8d1 elementor-widget elementor-widget-text-editor\" data-id=\"2bbb8d1\" data-element_type=\"widget\" data-widget_type=\"text-editor.default\">\n\t\t\t\t<div class=\"elementor-widget-container\">\n\t\t\t\t\t\t\t\t\t<p>Realizamos atividades ligadas ao yoga, permacultura e outras tem\u00e1ticas hol\u00edsticas que nos permitam reconectar com a Natureza interior e exterior.<\/p>\t\t\t\t\t\t\t\t<\/div>\n\t\t\t\t<\/div>\n\t\t\t\t<div class=\"elementor-element elementor-element-5030754 elementor-align-left elementor-widget elementor-widget-button\" data-id=\"5030754\" data-element_type=\"widget\" data-widget_type=\"button.default\">\n\t\t\t\t<div class=\"elementor-widget-container\">\n\t\t\t\t\t\t\t\t\t<div class=\"elementor-button-wrapper\">\n\t\t\t\t\t<a class=\"elementor-button elementor-button-link elementor-size-sm\" href=\"https:\/\/joyasdaterra.org\/index.php\/actividades\/\">\n\t\t\t\t\t\t<span class=\"elementor-button-content-wrapper\">\n\t\t\t\t\t\t\t\t\t<span class=\"elementor-button-text\">Sabe mais<\/span>\n\t\t\t\t\t<\/span>\n\t\t\t\t\t<\/a>\n\t\t\t\t<\/div>\n\t\t\t\t\t\t\t\t<\/div>\n\t\t\t\t<\/div>\n\t\t\t\t<\/div>\n\t\t\t\t\t<\/div>\n\t\t\t\t<\/div>\n\t\t<div class=\"elementor-element elementor-element-621e355 e-flex e-con-boxed e-con e-parent\" data-id=\"621e355\" data-element_type=\"container\">\n\t\t\t\t\t<div class=\"e-con-inner\">\n\t\t\t\t<div class=\"elementor-element elementor-element-2d0dd4b elementor-widget elementor-widget-heading\" data-id=\"2d0dd4b\" data-element_type=\"widget\" data-widget_type=\"heading.default\">\n\t\t\t\t<div class=\"elementor-widget-container\">\n\t\t\t\t\t<h2 class=\"elementor-heading-title elementor-size-default\">Actividades<\/h2>\t\t\t\t<\/div>\n\t\t\t\t<\/div>\n\t\t\t\t<div class=\"elementor-element elementor-element-474a99d elementor-grid-3 elementor-grid-tablet-2 elementor-grid-mobile-1 elementor-posts--thumbnail-top elementor-widget elementor-widget-posts\" data-id=\"474a99d\" data-element_type=\"widget\" data-settings=\"{&quot;classic_columns&quot;:&quot;3&quot;,&quot;classic_columns_tablet&quot;:&quot;2&quot;,&quot;classic_columns_mobile&quot;:&quot;1&quot;,&quot;classic_row_gap&quot;:{&quot;unit&quot;:&quot;px&quot;,&quot;size&quot;:35,&quot;sizes&quot;:[]},&quot;classic_row_gap_tablet&quot;:{&quot;unit&quot;:&quot;px&quot;,&quot;size&quot;:&quot;&quot;,&quot;sizes&quot;:[]},&quot;classic_row_gap_mobile&quot;:{&quot;unit&quot;:&quot;px&quot;,&quot;size&quot;:&quot;&quot;,&quot;sizes&quot;:[]}}\" data-widget_type=\"posts.classic\">\n\t\t\t\t<div class=\"elementor-widget-container\">\n\t\t\t\t\t\t\t<div class=\"elementor-posts-container elementor-posts elementor-posts--skin-classic elementor-grid\" role=\"list\">\n\t\t\t\t<article class=\"elementor-post elementor-grid-item post-716 post type-post status-publish format-standard has-post-thumbnail hentry category-actividades category-curso category-retiro\" role=\"listitem\">\n\t\t\t\t<a class=\"elementor-post__thumbnail__link\" href=\"https:\/\/joyasdaterra.org\/index.php\/2026\/04\/29\/retiros-de-yoga-3-3\/\" tabindex=\"-1\" >\n\t\t\t<div class=\"elementor-post__thumbnail\"><img fetchpriority=\"high\" decoding=\"async\" width=\"300\" height=\"200\" src=\"https:\/\/joyasdaterra.org\/wp-content\/uploads\/2026\/04\/Joyas-dA-Terra-2-e1777418124412-300x200.png\" class=\"attachment-medium size-medium wp-image-733\" alt=\"\" srcset=\"https:\/\/joyasdaterra.org\/wp-content\/uploads\/2026\/04\/Joyas-dA-Terra-2-e1777418124412-300x200.png 300w, https:\/\/joyasdaterra.org\/wp-content\/uploads\/2026\/04\/Joyas-dA-Terra-2-e1777418124412-1024x683.png 1024w, https:\/\/joyasdaterra.org\/wp-content\/uploads\/2026\/04\/Joyas-dA-Terra-2-e1777418124412-768x512.png 768w, https:\/\/joyasdaterra.org\/wp-content\/uploads\/2026\/04\/Joyas-dA-Terra-2-e1777418124412.png 1064w\" sizes=\"(max-width: 300px) 100vw, 300px\" \/><\/div>\n\t\t<\/a>\n\t\t\t\t<div class=\"elementor-post__text\">\n\t\t\t\t<h3 class=\"elementor-post__title\">\n\t\t\t<a href=\"https:\/\/joyasdaterra.org\/index.php\/2026\/04\/29\/retiros-de-yoga-3-3\/\" >\n\t\t\t\tCurso Imersivo Regresso \u00e0 Terra\t\t\t<\/a>\n\t\t<\/h3>\n\t\t\t\t<div class=\"elementor-post__meta-data\">\n\t\t\t\t\t<span class=\"elementor-post-date\">\n\t\t\t29 Abril 2026\t\t<\/span>\n\t\t\t\t<\/div>\n\t\t\t\t<\/div>\n\t\t\t\t<\/article>\n\t\t\t\t<article class=\"elementor-post elementor-grid-item post-634 post type-post status-publish format-standard has-post-thumbnail hentry category-actividades category-curso category-retiro\" role=\"listitem\">\n\t\t\t\t<a class=\"elementor-post__thumbnail__link\" href=\"https:\/\/joyasdaterra.org\/index.php\/2026\/02\/09\/pdc_sernatureza\/\" tabindex=\"-1\" >\n\t\t\t<div class=\"elementor-post__thumbnail\"><img decoding=\"async\" width=\"300\" height=\"166\" src=\"https:\/\/joyasdaterra.org\/wp-content\/uploads\/2026\/02\/PDC-Ser-Natureza-e1770659605845-300x166.png\" class=\"attachment-medium size-medium wp-image-652\" alt=\"\" srcset=\"https:\/\/joyasdaterra.org\/wp-content\/uploads\/2026\/02\/PDC-Ser-Natureza-e1770659605845-300x166.png 300w, https:\/\/joyasdaterra.org\/wp-content\/uploads\/2026\/02\/PDC-Ser-Natureza-e1770659605845-1024x566.png 1024w, https:\/\/joyasdaterra.org\/wp-content\/uploads\/2026\/02\/PDC-Ser-Natureza-e1770659605845-768x424.png 768w, https:\/\/joyasdaterra.org\/wp-content\/uploads\/2026\/02\/PDC-Ser-Natureza-e1770659605845.png 1073w\" sizes=\"(max-width: 300px) 100vw, 300px\" \/><\/div>\n\t\t<\/a>\n\t\t\t\t<div class=\"elementor-post__text\">\n\t\t\t\t<h3 class=\"elementor-post__title\">\n\t\t\t<a href=\"https:\/\/joyasdaterra.org\/index.php\/2026\/02\/09\/pdc_sernatureza\/\" >\n\t\t\t\tCurso de Design em Permacultura\t\t\t<\/a>\n\t\t<\/h3>\n\t\t\t\t<div class=\"elementor-post__meta-data\">\n\t\t\t\t\t<span class=\"elementor-post-date\">\n\t\t\t9 Fevereiro 2026\t\t<\/span>\n\t\t\t\t<\/div>\n\t\t\t\t<\/div>\n\t\t\t\t<\/article>\n\t\t\t\t<article class=\"elementor-post elementor-grid-item post-633 post type-post status-publish format-standard has-post-thumbnail hentry category-actividades category-curso category-retiro\" role=\"listitem\">\n\t\t\t\t<a class=\"elementor-post__thumbnail__link\" href=\"https:\/\/joyasdaterra.org\/index.php\/2026\/02\/09\/retiros-de-yoga-3\/\" tabindex=\"-1\" >\n\t\t\t<div class=\"elementor-post__thumbnail\"><img decoding=\"async\" width=\"300\" height=\"126\" src=\"https:\/\/joyasdaterra.org\/wp-content\/uploads\/2025\/04\/wild-putos-5-e1770934750993-300x126.png\" class=\"attachment-medium size-medium wp-image-643\" alt=\"\" srcset=\"https:\/\/joyasdaterra.org\/wp-content\/uploads\/2025\/04\/wild-putos-5-e1770934750993-300x126.png 300w, https:\/\/joyasdaterra.org\/wp-content\/uploads\/2025\/04\/wild-putos-5-e1770934750993-1024x432.png 1024w, https:\/\/joyasdaterra.org\/wp-content\/uploads\/2025\/04\/wild-putos-5-e1770934750993-768x324.png 768w, https:\/\/joyasdaterra.org\/wp-content\/uploads\/2025\/04\/wild-putos-5-e1770934750993-1536x648.png 1536w, https:\/\/joyasdaterra.org\/wp-content\/uploads\/2025\/04\/wild-putos-5-e1770934750993-1200x506.png 1200w, https:\/\/joyasdaterra.org\/wp-content\/uploads\/2025\/04\/wild-putos-5-e1770934750993.png 1888w\" sizes=\"(max-width: 300px) 100vw, 300px\" \/><\/div>\n\t\t<\/a>\n\t\t\t\t<div class=\"elementor-post__text\">\n\t\t\t\t<h3 class=\"elementor-post__title\">\n\t\t\t<a href=\"https:\/\/joyasdaterra.org\/index.php\/2026\/02\/09\/retiros-de-yoga-3\/\" >\n\t\t\t\tWild Putos\t\t\t<\/a>\n\t\t<\/h3>\n\t\t\t\t<div class=\"elementor-post__meta-data\">\n\t\t\t\t\t<span class=\"elementor-post-date\">\n\t\t\t9 Fevereiro 2026\t\t<\/span>\n\t\t\t\t<\/div>\n\t\t\t\t<\/div>\n\t\t\t\t<\/article>\n\t\t\t\t<\/div>\n\t\t\n\t\t\t\t\t\t<\/div>\n\t\t\t\t<\/div>\n\t\t\t\t<div class=\"elementor-element elementor-element-460c19d elementor-align-center elementor-widget elementor-widget-button\" data-id=\"460c19d\" data-element_type=\"widget\" data-widget_type=\"button.default\">\n\t\t\t\t<div class=\"elementor-widget-container\">\n\t\t\t\t\t\t\t\t\t<div class=\"elementor-button-wrapper\">\n\t\t\t\t\t<a class=\"elementor-button elementor-button-link elementor-size-sm\" href=\"https:\/\/joyasdaterra.org\/index.php\/actividades\/\">\n\t\t\t\t\t\t<span class=\"elementor-button-content-wrapper\">\n\t\t\t\t\t\t\t\t\t<span class=\"elementor-button-text\">Mais actividades<\/span>\n\t\t\t\t\t<\/span>\n\t\t\t\t\t<\/a>\n\t\t\t\t<\/div>\n\t\t\t\t\t\t\t\t<\/div>\n\t\t\t\t<\/div>\n\t\t\t\t\t<\/div>\n\t\t\t\t<\/div>\n\t\t\t\t<\/div>\n\t\t","protected":false},"excerpt":{"rendered":"<p>JOYAS DA TERRA. PERMACULTURA E YOGA NA SERRA DO SOAJO.\u200b Sobre n\u00f3s Joyas da Terra Joyas da Terra \u00e9 a express\u00e3o da nossa liga\u00e7\u00e3o com<\/p>\n","protected":false},"author":1,"featured_media":0,"parent":0,"menu_order":0,"comment_status":"closed","ping_status":"closed","template":"elementor_header_footer","meta":{"footnotes":""},"class_list":["post-29","page","type-page","status-publish","hentry"],"_links":{"self":[{"href":"https:\/\/joyasdaterra.org\/index.php\/wp-json\/wp\/v2\/pages\/29","targetHints":{"allow":["GET"]}}],"collection":[{"href":"https:\/\/joyasdaterra.org\/index.php\/wp-json\/wp\/v2\/pages"}],"about":[{"href":"https:\/\/joyasdaterra.org\/index.php\/wp-json\/wp\/v2\/types\/page"}],"author":[{"embeddable":true,"href":"https:\/\/joyasdaterra.org\/index.php\/wp-json\/wp\/v2\/users\/1"}],"replies":[{"embeddable":true,"href":"https:\/\/joyasdaterra.org\/index.php\/wp-json\/wp\/v2\/comments?post=29"}],"version-history":[{"count":103,"href":"https:\/\/joyasdaterra.org\/index.php\/wp-json\/wp\/v2\/pages\/29\/revisions"}],"predecessor-version":[{"id":629,"href":"https:\/\/joyasdaterra.org\/index.php\/wp-json\/wp\/v2\/pages\/29\/revisions\/629"}],"wp:attachment":[{"href":"https:\/\/joyasdaterra.org\/index.php\/wp-json\/wp\/v2\/media?parent=29"}],"curies":[{"name":"wp","href":"https:\/\/api.w.org\/{rel}","templated":true}]}}