{"id":338,"date":"2025-04-09T23:47:10","date_gmt":"2025-04-09T21:47:10","guid":{"rendered":"https:\/\/joyasdaterra.org\/?page_id=338"},"modified":"2025-04-10T13:40:25","modified_gmt":"2025-04-10T11:40:25","slug":"hortas-compostagem","status":"publish","type":"page","link":"https:\/\/joyasdaterra.org\/index.php\/consultoria\/hortas-compostagem\/","title":{"rendered":"Hortas e Compostagem"},"content":{"rendered":"\t\t<div data-elementor-type=\"wp-page\" data-elementor-id=\"338\" class=\"elementor elementor-338\" data-elementor-post-type=\"page\">\n\t\t\t\t<div class=\"elementor-element elementor-element-fc50914 e-flex e-con-boxed e-con e-parent\" data-id=\"fc50914\" data-element_type=\"container\">\n\t\t\t\t\t<div class=\"e-con-inner\">\n\t\t<div class=\"elementor-element elementor-element-64d84d3 e-con-full e-flex e-con e-child\" data-id=\"64d84d3\" data-element_type=\"container\">\n\t\t<div class=\"elementor-element elementor-element-11d8cce e-con-full e-flex e-con e-child\" data-id=\"11d8cce\" data-element_type=\"container\" data-settings=\"{&quot;motion_fx_motion_fx_scrolling&quot;:&quot;yes&quot;,&quot;motion_fx_range&quot;:&quot;viewport&quot;,&quot;sticky&quot;:&quot;top&quot;,&quot;motion_fx_devices&quot;:[&quot;desktop&quot;,&quot;tablet&quot;,&quot;mobile&quot;],&quot;sticky_on&quot;:[&quot;desktop&quot;,&quot;tablet&quot;,&quot;mobile&quot;],&quot;sticky_offset&quot;:0,&quot;sticky_effects_offset&quot;:0,&quot;sticky_anchor_link_offset&quot;:0}\">\n\t\t\t\t<div class=\"elementor-element elementor-element-0e6ae4f elementor-widget elementor-widget-heading\" data-id=\"0e6ae4f\" data-element_type=\"widget\" data-widget_type=\"heading.default\">\n\t\t\t\t<div class=\"elementor-widget-container\">\n\t\t\t\t\t<h3 class=\"elementor-heading-title elementor-size-default\">JOYAS DA TERRA<\/h3>\t\t\t\t<\/div>\n\t\t\t\t<\/div>\n\t\t\t\t<div class=\"elementor-element elementor-element-3bab1a4 elementor-widget elementor-widget-heading\" data-id=\"3bab1a4\" data-element_type=\"widget\" data-widget_type=\"heading.default\">\n\t\t\t\t<div class=\"elementor-widget-container\">\n\t\t\t\t\t<h2 class=\"elementor-heading-title elementor-size-default\">Hortas e Compostagem<\/h2>\t\t\t\t<\/div>\n\t\t\t\t<\/div>\n\t\t\t\t<\/div>\n\t\t\t\t<\/div>\n\t\t\t\t\t<\/div>\n\t\t\t\t<\/div>\n\t\t<div class=\"elementor-element elementor-element-590bf14 e-flex e-con-boxed e-con e-parent\" data-id=\"590bf14\" data-element_type=\"container\">\n\t\t\t\t\t<div class=\"e-con-inner\">\n\t\t\t\t<div class=\"elementor-element elementor-element-45f8b72 elementor-widget__width-inherit elementor-widget elementor-widget-image\" data-id=\"45f8b72\" data-element_type=\"widget\" data-widget_type=\"image.default\">\n\t\t\t\t<div class=\"elementor-widget-container\">\n\t\t\t\t\t\t\t\t\t\t\t\t\t\t\t<img fetchpriority=\"high\" decoding=\"async\" width=\"1920\" height=\"726\" src=\"https:\/\/joyasdaterra.org\/wp-content\/uploads\/2025\/04\/Hortas_Compostagem_3-e1739922044520.jpg\" class=\"attachment-full size-full wp-image-317\" alt=\"\" srcset=\"https:\/\/joyasdaterra.org\/wp-content\/uploads\/2025\/04\/Hortas_Compostagem_3-e1739922044520.jpg 1920w, https:\/\/joyasdaterra.org\/wp-content\/uploads\/2025\/04\/Hortas_Compostagem_3-e1739922044520-300x113.jpg 300w, https:\/\/joyasdaterra.org\/wp-content\/uploads\/2025\/04\/Hortas_Compostagem_3-e1739922044520-1024x387.jpg 1024w, https:\/\/joyasdaterra.org\/wp-content\/uploads\/2025\/04\/Hortas_Compostagem_3-e1739922044520-768x290.jpg 768w, https:\/\/joyasdaterra.org\/wp-content\/uploads\/2025\/04\/Hortas_Compostagem_3-e1739922044520-1536x581.jpg 1536w, https:\/\/joyasdaterra.org\/wp-content\/uploads\/2025\/04\/Hortas_Compostagem_3-e1739922044520-1200x454.jpg 1200w\" sizes=\"(max-width: 1920px) 100vw, 1920px\" \/>\t\t\t\t\t\t\t\t\t\t\t\t\t\t\t<\/div>\n\t\t\t\t<\/div>\n\t\t\t\t\t<\/div>\n\t\t\t\t<\/div>\n\t\t<div class=\"elementor-element elementor-element-56611d1 e-flex e-con-boxed e-con e-parent\" data-id=\"56611d1\" data-element_type=\"container\">\n\t\t\t\t\t<div class=\"e-con-inner\">\n\t\t<div class=\"elementor-element elementor-element-6d5d558 e-con-full e-flex e-con e-child\" data-id=\"6d5d558\" data-element_type=\"container\">\n\t\t\t\t<div class=\"elementor-element elementor-element-d3c2518 elementor-hidden-mobile elementor-widget elementor-widget-image\" data-id=\"d3c2518\" data-element_type=\"widget\" data-widget_type=\"image.default\">\n\t\t\t\t<div class=\"elementor-widget-container\">\n\t\t\t\t\t\t\t\t\t\t\t\t\t\t\t<img decoding=\"async\" src=\"https:\/\/joyasdaterra.org\/wp-content\/uploads\/2025\/04\/Projeto-de-Permacultura-OMMM-A2-1-copy.png\" title=\"Projeto-de-Permacultura-OMMM-A2-1-copy.png\" alt=\"Projeto-de-Permacultura-OMMM-A2-1-copy.png\" loading=\"lazy\" \/>\t\t\t\t\t\t\t\t\t\t\t\t\t\t\t<\/div>\n\t\t\t\t<\/div>\n\t\t\t\t<\/div>\n\t\t<div class=\"elementor-element elementor-element-1cce5e4 e-con-full e-flex e-con e-child\" data-id=\"1cce5e4\" data-element_type=\"container\">\n\t\t\t\t<div class=\"elementor-element elementor-element-81a1906 elementor-widget elementor-widget-text-editor\" data-id=\"81a1906\" data-element_type=\"widget\" data-widget_type=\"text-editor.default\">\n\t\t\t\t<div class=\"elementor-widget-container\">\n\t\t\t\t\t\t\t\t\t<p>Estes s\u00e3o os elementos do nosso terreno que ir\u00e3o precisar de mais aten\u00e7\u00e3o e presen\u00e7a humana, s\u00e3o tamb\u00e9m aqueles que nos v\u00e3o trazer frutos mais rapidamente e portanto o seu planeamento \u00e9 fundamental para sentir que o nosso trabalho e rela\u00e7\u00e3o com a terra \u00e9 feito de forma gratificante.<\/p>\t\t\t\t\t\t\t\t<\/div>\n\t\t\t\t<\/div>\n\t\t\t\t<div class=\"elementor-element elementor-element-dd0384b elementor-widget elementor-widget-text-editor\" data-id=\"dd0384b\" data-element_type=\"widget\" data-widget_type=\"text-editor.default\">\n\t\t\t\t<div class=\"elementor-widget-container\">\n\t\t\t\t\t\t\t\t\t<p>A horta \u00e9 a principal zona de produ\u00e7\u00e3o de plantas anuais e arbustos, geralmente \u00e9 uma zona colorida e cheia de vida onde podemos cultivar alimentos, especiarias, ervas arom\u00e1ticas e medicinais, e outras que favorecem a diversidade. Diretamente ligada \u00e0 horta estar\u00e1 a zona de compostagem onde atrav\u00e9s do \u201cfogo\u201d da terra toda a mat\u00e9ria org\u00e2nica que j\u00e1 esteve viva poder\u00e1 viver novamente e fertilizar o solo.<br \/>H\u00e1 in\u00fameras formas e feitios de fazer a horta e compostagem, para n\u00f3s o mais importante no seu design \u00e9 a efici\u00eancia na intera\u00e7\u00e3o com os elementos que ir\u00e3o apoiar e alimentar estes sistemas interdependentes, procuramos encontrar a solu\u00e7\u00e3o que melhor se adapta a cada situa\u00e7\u00e3o.<\/p>\t\t\t\t\t\t\t\t<\/div>\n\t\t\t\t<\/div>\n\t\t\t\t<\/div>\n\t\t\t\t\t<\/div>\n\t\t\t\t<\/div>\n\t\t<div class=\"elementor-element elementor-element-81e6198 e-flex e-con-boxed e-con e-parent\" data-id=\"81e6198\" data-element_type=\"container\">\n\t\t\t\t\t<div class=\"e-con-inner\">\n\t\t\t\t<div class=\"elementor-element elementor-element-26ef5a6 elementor-arrows-position-inside elementor-widget elementor-widget-image-carousel\" data-id=\"26ef5a6\" data-element_type=\"widget\" data-settings=\"{&quot;slides_to_show&quot;:&quot;4&quot;,&quot;navigation&quot;:&quot;arrows&quot;,&quot;autoplay&quot;:&quot;yes&quot;,&quot;pause_on_hover&quot;:&quot;yes&quot;,&quot;pause_on_interaction&quot;:&quot;yes&quot;,&quot;autoplay_speed&quot;:5000,&quot;infinite&quot;:&quot;yes&quot;,&quot;speed&quot;:500}\" data-widget_type=\"image-carousel.default\">\n\t\t\t\t<div class=\"elementor-widget-container\">\n\t\t\t\t\t\t\t<div class=\"elementor-image-carousel-wrapper swiper\" role=\"region\" aria-roledescription=\"carousel\" aria-label=\"Carrossel de imagens\" dir=\"ltr\">\n\t\t\t<div class=\"elementor-image-carousel swiper-wrapper swiper-image-stretch\" aria-live=\"off\">\n\t\t\t\t\t\t\t\t<div class=\"swiper-slide\" role=\"group\" aria-roledescription=\"slide\" aria-label=\"1 of 6\"><figure class=\"swiper-slide-inner\"><img decoding=\"async\" class=\"swiper-slide-image\" src=\"https:\/\/joyasdaterra.org\/wp-content\/uploads\/2025\/04\/Hortas_Compostagem_6.jpg\" alt=\"Hortas_Compostagem_6.jpg\" \/><\/figure><\/div><div class=\"swiper-slide\" role=\"group\" aria-roledescription=\"slide\" aria-label=\"2 of 6\"><figure class=\"swiper-slide-inner\"><img decoding=\"async\" class=\"swiper-slide-image\" src=\"https:\/\/joyasdaterra.org\/wp-content\/uploads\/2025\/04\/Hortas_Compostagem_4.jpg\" alt=\"Hortas_Compostagem_4.jpg\" \/><\/figure><\/div><div class=\"swiper-slide\" role=\"group\" aria-roledescription=\"slide\" aria-label=\"3 of 6\"><figure class=\"swiper-slide-inner\"><img decoding=\"async\" class=\"swiper-slide-image\" src=\"https:\/\/joyasdaterra.org\/wp-content\/uploads\/2025\/04\/20230823_154339.jpg\" alt=\"20230823_154339.jpg\" \/><\/figure><\/div><div class=\"swiper-slide\" role=\"group\" aria-roledescription=\"slide\" aria-label=\"4 of 6\"><figure class=\"swiper-slide-inner\"><img decoding=\"async\" class=\"swiper-slide-image\" src=\"https:\/\/joyasdaterra.org\/wp-content\/uploads\/2025\/04\/DSC0362.jpg\" alt=\"DSC0362.jpg\" \/><\/figure><\/div><div class=\"swiper-slide\" role=\"group\" aria-roledescription=\"slide\" aria-label=\"5 of 6\"><figure class=\"swiper-slide-inner\"><img decoding=\"async\" class=\"swiper-slide-image\" src=\"https:\/\/joyasdaterra.org\/wp-content\/uploads\/2025\/04\/WhatsApp-Image-2022-08-14-at-23.21.53-3.jpeg\" alt=\"WhatsApp-Image-2022-08-14-at-23.21.53-3.jpeg\" \/><\/figure><\/div><div class=\"swiper-slide\" role=\"group\" aria-roledescription=\"slide\" aria-label=\"6 of 6\"><figure class=\"swiper-slide-inner\"><img decoding=\"async\" class=\"swiper-slide-image\" src=\"https:\/\/joyasdaterra.org\/wp-content\/uploads\/2025\/04\/horta_018.jpg\" alt=\"horta_018.jpg\" \/><\/figure><\/div>\t\t\t<\/div>\n\t\t\t\t\t\t\t\t\t\t\t\t<div class=\"elementor-swiper-button elementor-swiper-button-prev\" role=\"button\" tabindex=\"0\">\n\t\t\t\t\t\t<svg aria-hidden=\"true\" class=\"e-font-icon-svg e-eicon-chevron-left\" viewBox=\"0 0 1000 1000\" xmlns=\"http:\/\/www.w3.org\/2000\/svg\"><path d=\"M646 125C629 125 613 133 604 142L308 442C296 454 292 471 292 487 292 504 296 521 308 533L604 854C617 867 629 875 646 875 663 875 679 871 692 858 704 846 713 829 713 812 713 796 708 779 692 767L438 487 692 225C700 217 708 204 708 187 708 171 704 154 692 142 675 129 663 125 646 125Z\"><\/path><\/svg>\t\t\t\t\t<\/div>\n\t\t\t\t\t<div class=\"elementor-swiper-button elementor-swiper-button-next\" role=\"button\" tabindex=\"0\">\n\t\t\t\t\t\t<svg aria-hidden=\"true\" class=\"e-font-icon-svg e-eicon-chevron-right\" viewBox=\"0 0 1000 1000\" xmlns=\"http:\/\/www.w3.org\/2000\/svg\"><path d=\"M696 533C708 521 713 504 713 487 713 471 708 454 696 446L400 146C388 133 375 125 354 125 338 125 325 129 313 142 300 154 292 171 292 187 292 204 296 221 308 233L563 492 304 771C292 783 288 800 288 817 288 833 296 850 308 863 321 871 338 875 354 875 371 875 388 867 400 854L696 533Z\"><\/path><\/svg>\t\t\t\t\t<\/div>\n\t\t\t\t\n\t\t\t\t\t\t\t\t\t<\/div>\n\t\t\t\t\t\t<\/div>\n\t\t\t\t<\/div>\n\t\t\t\t\t<\/div>\n\t\t\t\t<\/div>\n\t\t\t\t<\/div>\n\t\t","protected":false},"excerpt":{"rendered":"<p>JOYAS DA TERRA Hortas e Compostagem Estes s\u00e3o os elementos do nosso terreno que ir\u00e3o precisar de mais aten\u00e7\u00e3o e presen\u00e7a humana, s\u00e3o tamb\u00e9m aqueles que nos v\u00e3o trazer frutos mais rapidamente e portanto o seu planeamento \u00e9 fundamental para sentir que o nosso trabalho e rela\u00e7\u00e3o com a terra \u00e9 feito de forma gratificante. [&hellip;]<\/p>\n","protected":false},"author":1,"featured_media":0,"parent":48,"menu_order":0,"comment_status":"closed","ping_status":"closed","template":"elementor_header_footer","meta":{"footnotes":""},"class_list":["post-338","page","type-page","status-publish","hentry"],"_links":{"self":[{"href":"https:\/\/joyasdaterra.org\/index.php\/wp-json\/wp\/v2\/pages\/338","targetHints":{"allow":["GET"]}}],"collection":[{"href":"https:\/\/joyasdaterra.org\/index.php\/wp-json\/wp\/v2\/pages"}],"about":[{"href":"https:\/\/joyasdaterra.org\/index.php\/wp-json\/wp\/v2\/types\/page"}],"author":[{"embeddable":true,"href":"https:\/\/joyasdaterra.org\/index.php\/wp-json\/wp\/v2\/users\/1"}],"replies":[{"embeddable":true,"href":"https:\/\/joyasdaterra.org\/index.php\/wp-json\/wp\/v2\/comments?post=338"}],"version-history":[{"count":13,"href":"https:\/\/joyasdaterra.org\/index.php\/wp-json\/wp\/v2\/pages\/338\/revisions"}],"predecessor-version":[{"id":491,"href":"https:\/\/joyasdaterra.org\/index.php\/wp-json\/wp\/v2\/pages\/338\/revisions\/491"}],"up":[{"embeddable":true,"href":"https:\/\/joyasdaterra.org\/index.php\/wp-json\/wp\/v2\/pages\/48"}],"wp:attachment":[{"href":"https:\/\/joyasdaterra.org\/index.php\/wp-json\/wp\/v2\/media?parent=338"}],"curies":[{"name":"wp","href":"https:\/\/api.w.org\/{rel}","templated":true}]}}