{"id":383,"date":"2025-04-09T23:55:57","date_gmt":"2025-04-09T21:55:57","guid":{"rendered":"https:\/\/joyasdaterra.org\/?page_id=383"},"modified":"2025-04-12T12:23:20","modified_gmt":"2025-04-12T10:23:20","slug":"sobre-nos","status":"publish","type":"page","link":"https:\/\/joyasdaterra.org\/index.php\/sobre-nos\/","title":{"rendered":"Sobre N\u00f3s"},"content":{"rendered":"\t\t<div data-elementor-type=\"wp-page\" data-elementor-id=\"383\" class=\"elementor elementor-383\" data-elementor-post-type=\"page\">\n\t\t\t\t<div class=\"elementor-element elementor-element-a03e6d8 e-con-full e-flex e-con e-child\" data-id=\"a03e6d8\" data-element_type=\"container\" data-settings=\"{&quot;motion_fx_motion_fx_scrolling&quot;:&quot;yes&quot;,&quot;motion_fx_range&quot;:&quot;viewport&quot;,&quot;sticky&quot;:&quot;top&quot;,&quot;motion_fx_devices&quot;:[&quot;desktop&quot;,&quot;tablet&quot;,&quot;mobile&quot;],&quot;sticky_on&quot;:[&quot;desktop&quot;,&quot;tablet&quot;,&quot;mobile&quot;],&quot;sticky_offset&quot;:0,&quot;sticky_effects_offset&quot;:0,&quot;sticky_anchor_link_offset&quot;:0}\">\n\t\t\t\t<div class=\"elementor-element elementor-element-4eb2fe0 elementor-widget elementor-widget-heading\" data-id=\"4eb2fe0\" data-element_type=\"widget\" data-widget_type=\"heading.default\">\n\t\t\t\t<div class=\"elementor-widget-container\">\n\t\t\t\t\t<h3 class=\"elementor-heading-title elementor-size-default\">JOYAS DA TERRA<\/h3>\t\t\t\t<\/div>\n\t\t\t\t<\/div>\n\t\t\t\t<div class=\"elementor-element elementor-element-93a036f elementor-widget elementor-widget-heading\" data-id=\"93a036f\" data-element_type=\"widget\" data-widget_type=\"heading.default\">\n\t\t\t\t<div class=\"elementor-widget-container\">\n\t\t\t\t\t<h2 class=\"elementor-heading-title elementor-size-default\">Sobre n\u00f3s<\/h2>\t\t\t\t<\/div>\n\t\t\t\t<\/div>\n\t\t\t\t<\/div>\n\t\t<div class=\"elementor-element elementor-element-816c6ea e-flex e-con-boxed e-con e-parent\" data-id=\"816c6ea\" data-element_type=\"container\">\n\t\t\t\t\t<div class=\"e-con-inner\">\n\t\t\t\t<div class=\"elementor-element elementor-element-d1a5cee elementor-widget elementor-widget-image\" data-id=\"d1a5cee\" data-element_type=\"widget\" data-settings=\"{&quot;motion_fx_motion_fx_scrolling&quot;:&quot;yes&quot;,&quot;motion_fx_scale_effect&quot;:&quot;yes&quot;,&quot;motion_fx_scale_speed&quot;:{&quot;unit&quot;:&quot;px&quot;,&quot;size&quot;:2,&quot;sizes&quot;:[]},&quot;motion_fx_scale_range&quot;:{&quot;unit&quot;:&quot;%&quot;,&quot;size&quot;:&quot;&quot;,&quot;sizes&quot;:{&quot;start&quot;:50,&quot;end&quot;:100}},&quot;motion_fx_scale_direction&quot;:&quot;out-in&quot;,&quot;motion_fx_devices&quot;:[&quot;desktop&quot;,&quot;tablet&quot;,&quot;mobile&quot;]}\" data-widget_type=\"image.default\">\n\t\t\t\t<div class=\"elementor-widget-container\">\n\t\t\t\t\t\t\t\t\t\t\t\t\t\t\t<img fetchpriority=\"high\" decoding=\"async\" width=\"1024\" height=\"768\" src=\"https:\/\/joyasdaterra.org\/wp-content\/uploads\/2025\/04\/IMG-20210929-WA0001.jpg\" class=\"attachment-full size-full wp-image-385\" alt=\"\" srcset=\"https:\/\/joyasdaterra.org\/wp-content\/uploads\/2025\/04\/IMG-20210929-WA0001.jpg 1024w, https:\/\/joyasdaterra.org\/wp-content\/uploads\/2025\/04\/IMG-20210929-WA0001-300x225.jpg 300w, https:\/\/joyasdaterra.org\/wp-content\/uploads\/2025\/04\/IMG-20210929-WA0001-768x576.jpg 768w\" sizes=\"(max-width: 1024px) 100vw, 1024px\" \/>\t\t\t\t\t\t\t\t\t\t\t\t\t\t\t<\/div>\n\t\t\t\t<\/div>\n\t\t\t\t\t<\/div>\n\t\t\t\t<\/div>\n\t\t<div class=\"elementor-element elementor-element-3c6a6dc e-flex e-con-boxed e-con e-parent\" data-id=\"3c6a6dc\" data-element_type=\"container\">\n\t\t\t\t\t<div class=\"e-con-inner\">\n\t\t\t\t<div class=\"elementor-element elementor-element-66f0113 elementor-widget elementor-widget-text-editor\" data-id=\"66f0113\" data-element_type=\"widget\" data-widget_type=\"text-editor.default\">\n\t\t\t\t<div class=\"elementor-widget-container\">\n\t\t\t\t\t\t\t\t\t<p>Joyas da Terra s\u00e3o as primeiras letras dos nossos nomes, Joana e Yassine, duas pessoas caminhando juntas, que apreciam a vida com todos os seus contornos, buscando formas de viver mais pr\u00f3ximas e em harmonia com a Terra.<\/p><p><br \/>Para n\u00f3s a experi\u00eancia de viver uma vida de simplicidade, numa casa feita por n\u00f3s com materiais naturais, cultivando a nossa pr\u00f3pria comida e cultivando o nosso jardim interior, traz \u00e0 vida uma energia m\u00e1gica, onde estamos mais em sintonia connosco pr\u00f3prios e com os outros seres.<br \/>Estamos juntos h\u00e1 mais de quinze anos, trabalhando como um casal que se complementa e se harmoniza. Dedicando nossas vidas ao trabalho com a terra, desenvolvemos atividades, cursos e retiros, relacionados com a natureza e ecologia profunda, tendo a Permacultura e o Yoga como base dos princ\u00edpios que nos orientam.<\/p>\t\t\t\t\t\t\t\t<\/div>\n\t\t\t\t<\/div>\n\t\t\t\t\t<\/div>\n\t\t\t\t<\/div>\n\t\t<div class=\"elementor-element elementor-element-ca7ce92 e-flex e-con-boxed e-con e-parent\" data-id=\"ca7ce92\" data-element_type=\"container\">\n\t\t\t\t\t<div class=\"e-con-inner\">\n\t\t<div class=\"elementor-element elementor-element-db618ae e-con-full e-flex e-con e-child\" data-id=\"db618ae\" data-element_type=\"container\">\n\t\t\t\t<div class=\"elementor-element elementor-element-f027be5 elementor-widget elementor-widget-image\" data-id=\"f027be5\" data-element_type=\"widget\" data-widget_type=\"image.default\">\n\t\t\t\t<div class=\"elementor-widget-container\">\n\t\t\t\t\t\t\t\t\t\t\t\t\t\t\t<img decoding=\"async\" width=\"1707\" height=\"2560\" src=\"https:\/\/joyasdaterra.org\/wp-content\/uploads\/2025\/04\/DSC0452-scaled-1.jpg\" class=\"attachment-full size-full wp-image-399\" alt=\"\" srcset=\"https:\/\/joyasdaterra.org\/wp-content\/uploads\/2025\/04\/DSC0452-scaled-1.jpg 1707w, https:\/\/joyasdaterra.org\/wp-content\/uploads\/2025\/04\/DSC0452-scaled-1-200x300.jpg 200w, https:\/\/joyasdaterra.org\/wp-content\/uploads\/2025\/04\/DSC0452-scaled-1-683x1024.jpg 683w, https:\/\/joyasdaterra.org\/wp-content\/uploads\/2025\/04\/DSC0452-scaled-1-768x1152.jpg 768w, https:\/\/joyasdaterra.org\/wp-content\/uploads\/2025\/04\/DSC0452-scaled-1-1024x1536.jpg 1024w, https:\/\/joyasdaterra.org\/wp-content\/uploads\/2025\/04\/DSC0452-scaled-1-1366x2048.jpg 1366w, https:\/\/joyasdaterra.org\/wp-content\/uploads\/2025\/04\/DSC0452-scaled-1-1200x1800.jpg 1200w\" sizes=\"(max-width: 1707px) 100vw, 1707px\" \/>\t\t\t\t\t\t\t\t\t\t\t\t\t\t\t<\/div>\n\t\t\t\t<\/div>\n\t\t\t\t<div class=\"elementor-element elementor-element-54fe97d elementor-widget elementor-widget-heading\" data-id=\"54fe97d\" data-element_type=\"widget\" data-widget_type=\"heading.default\">\n\t\t\t\t<div class=\"elementor-widget-container\">\n\t\t\t\t\t<h2 class=\"elementor-heading-title elementor-size-default\">Joana<\/h2>\t\t\t\t<\/div>\n\t\t\t\t<\/div>\n\t\t\t\t<div class=\"elementor-element elementor-element-b7d6d13 elementor-widget elementor-widget-text-editor\" data-id=\"b7d6d13\" data-element_type=\"widget\" data-widget_type=\"text-editor.default\">\n\t\t\t\t<div class=\"elementor-widget-container\">\n\t\t\t\t\t\t\t\t\t<p>Estudou Microbiologia no Porto e terminou a universidade em 2005. Depois de ter trabalhado como investigadora ambiental em It\u00e1lia viajou at\u00e9 ao Peru, onde esteve a trabalhar com crian\u00e7as na selva da Amaz\u00f3nia. Foi durante essa viagem, que despertou uma forte vontade de viver na Natureza, apoiando essa liga\u00e7\u00e3o tamb\u00e9m nos mais jovens e trabalhando para a regenera\u00e7\u00e3o da vida na Terra em comunidade. Regressando a Portugal viveu em v\u00e1rias quintas, com muitas pessoas de diferentes partes do mundo, trabalhando juntas para cultivar a terra e rela\u00e7\u00f5es humanas harmoniosas. Percebendo os enormes desafios que enfrentamos a n\u00edvel ecol\u00f3gico mas tamb\u00e9m social come\u00e7ou a adquirir ferramentas para trabalha-los e completou v\u00e1rias forma\u00e7\u00f5es das quais se destaca o curso de Design de Permacultura com Max Lindegger (2010), curso de Apicultura Natural com Harald Hafner (2014), Introdu\u00e7\u00e3o \u00e0 Agricultura biodin\u00e2mica com Dominique Massenot (2019).<\/p><p>Paralelamente ao percurso de regresso \u00e0 terra foi mantendo presentes as pr\u00e1ticas de Yoga e medita\u00e7\u00e3o enquanto jovem e que a foram ajudando a enfrentar desafios pessoais e profissionais e de onde podia experienciar grandes benef\u00edcios de for\u00e7a e felicidade interior. Encontrando uma grande \u00e2ncora na medita\u00e7\u00e3o Vipassana, desde 2015 come\u00e7ou a aprofundar-se mais no Yoga tendo aprendido com v\u00e1rios professores como Jenny e Igor (Jewel of Yoga) e Luzia e Daniel (Dharmadhatu).<\/p><p><br \/>Est\u00e1 tamb\u00e9m ativamente envolvida com dois coletivos locais fundados por mulheres, Associa\u00e7\u00e3o Moving Cause (desde 2009) e da Cooperativa Integral Raiz Minhota (desde 2023) onde d\u00e1 o seu contributo para criar uma sociedade pr\u00f3spera e abundante.<\/p><p>Vive desde 2013 com a sua fam\u00edlia nas montanhas do Soajo, no Parque Nacional da Peneda Ger\u00eas, em busca de um estilo de vida simples ligado \u00e0 terra, trabalhando com Yassine na constru\u00e7\u00e3o e manuten\u00e7\u00e3o do seu lugar sagrado e no projeto Joyas da Terra. A educa\u00e7\u00e3o continua a ter um papel central na sua vida, tanto como m\u00e3e como na sua liga\u00e7\u00e3o ao trabalho com crian\u00e7as e adultos no ensino de Yoga e Permacultura.<\/p>\t\t\t\t\t\t\t\t<\/div>\n\t\t\t\t<\/div>\n\t\t\t\t<\/div>\n\t\t<div class=\"elementor-element elementor-element-ecc76ff e-con-full e-flex e-con e-child\" data-id=\"ecc76ff\" data-element_type=\"container\">\n\t\t\t\t<div class=\"elementor-element elementor-element-bf7a515 elementor-widget elementor-widget-image\" data-id=\"bf7a515\" data-element_type=\"widget\" data-widget_type=\"image.default\">\n\t\t\t\t<div class=\"elementor-widget-container\">\n\t\t\t\t\t\t\t\t\t\t\t\t\t\t\t<img decoding=\"async\" width=\"2560\" height=\"1707\" src=\"https:\/\/joyasdaterra.org\/wp-content\/uploads\/2025\/04\/DSC0416-scaled-1.jpg\" class=\"attachment-full size-full wp-image-398\" alt=\"\" srcset=\"https:\/\/joyasdaterra.org\/wp-content\/uploads\/2025\/04\/DSC0416-scaled-1.jpg 2560w, https:\/\/joyasdaterra.org\/wp-content\/uploads\/2025\/04\/DSC0416-scaled-1-300x200.jpg 300w, https:\/\/joyasdaterra.org\/wp-content\/uploads\/2025\/04\/DSC0416-scaled-1-1024x683.jpg 1024w, https:\/\/joyasdaterra.org\/wp-content\/uploads\/2025\/04\/DSC0416-scaled-1-768x512.jpg 768w, https:\/\/joyasdaterra.org\/wp-content\/uploads\/2025\/04\/DSC0416-scaled-1-1536x1024.jpg 1536w, https:\/\/joyasdaterra.org\/wp-content\/uploads\/2025\/04\/DSC0416-scaled-1-2048x1366.jpg 2048w, https:\/\/joyasdaterra.org\/wp-content\/uploads\/2025\/04\/DSC0416-scaled-1-1200x800.jpg 1200w, https:\/\/joyasdaterra.org\/wp-content\/uploads\/2025\/04\/DSC0416-scaled-1-1980x1320.jpg 1980w\" sizes=\"(max-width: 2560px) 100vw, 2560px\" \/>\t\t\t\t\t\t\t\t\t\t\t\t\t\t\t<\/div>\n\t\t\t\t<\/div>\n\t\t\t\t<div class=\"elementor-element elementor-element-eb5485a elementor-widget elementor-widget-heading\" data-id=\"eb5485a\" data-element_type=\"widget\" data-widget_type=\"heading.default\">\n\t\t\t\t<div class=\"elementor-widget-container\">\n\t\t\t\t\t<h2 class=\"elementor-heading-title elementor-size-default\">Yassine<\/h2>\t\t\t\t<\/div>\n\t\t\t\t<\/div>\n\t\t\t\t<div class=\"elementor-element elementor-element-4e6ead4 elementor-widget elementor-widget-text-editor\" data-id=\"4e6ead4\" data-element_type=\"widget\" data-widget_type=\"text-editor.default\">\n\t\t\t\t<div class=\"elementor-widget-container\">\n\t\t\t\t\t\t\t\t\t<p>Estudou osteopatia em Londres, depois de terminar seu bacharelato em 2004 e trabalhar durante algum tempo nessa \u00e1rea decidiu viajar pela Am\u00e9rica do Sul, onde tomou contacto com comunidades locais que lutavam para ter suas necessidades b\u00e1sicas preenchidas, como \u00e1gua limpa e comida. Naquele momento surgiu a oportunidade de fazer um Curso de Design de Permacultura (PDC) no Equador com a \u201cRede de Guardianes de Semillas\u201d (http:\/\/redsemillas.org) , durante o curso foi encontrando solu\u00e7\u00f5es simples e eficazes com um forte impacto para resolver problemas locais.<\/p><p><br \/>Voltando a Portugal em 2007, decidiu colocar a Permacultura em pr\u00e1tica como indiv\u00edduo e como membro da comunidade, envolvido em diferentes experi\u00eancias coletivas, tendo viajado e vivido em v\u00e1rias zonas do pa\u00eds. Em 2011, enquanto trabalhava na Quinta do Vale da Lama, concluiu seu Diploma de Design em Permacultura atrav\u00e9s da Associa\u00e7\u00e3o Brit\u00e2nica (British Permcaulture Association) e tornou-se um dos primeiros professores de Permacultura em Portugal. Desde ent\u00e3o tem compartilhado esta ferramenta de pensamento e design atrav\u00e9s de palestras, workshops e cursos e tem vindo a aprofundar seu interesse e pr\u00e1tica com sistemas agroflorestais aprendendo diretamente com pessoas como Ernst G\u00f6tsh (Algarve, 2011) , e Martin Crawford (Inglaterra, 2015), Namast\u00e9 e Patr\u00edcia Vaz do Brasil (Soajo, 2017), Manel e Miguel (Ra\u00edz Nativa, Campo de Geres).<\/p><p><br \/>Trabalha em colabora\u00e7\u00e3o com a Associa\u00e7\u00e3o Moving Cause e a Associa\u00e7\u00e3o Reflorestar Portugal desenvolvendo projetos educativos e regenerativos tanto na vertente ecologica como na vertente social e comunit\u00e1ria.<br \/>Desde 2017 tem trabalhado como consultor para v\u00e1rios projetos por todo o pa\u00eds, mas sobretudo no Minho, desenhando sistemas integrados de Permacultura, Hortas, Pomares, Agroflorestas e sistemas de gest\u00e3o de ,\u00e1gua tanto para indiv\u00edduos, coletivos e empresas.<\/p><p><br \/>Vive atualmente com a sua fam\u00edlia nas montanhas do Parque Nacional da Peneda Ger\u00eas, dedicado a ter um estilo de vida simples, ligado \u00e0 terra e cultivando a paz interior. No seu terreno que adquiriu em 2013, construiu a sua casa e outros abrigos com eco-constru\u00e7\u00e3o de forma auto-suficiente em termos de \u00e1gua e energia e plantou j\u00e1 v\u00e1rios sistemas agroflorestais, criando um ecossistema produtivo e abundante \u00e0 sua volta.<\/p>\t\t\t\t\t\t\t\t<\/div>\n\t\t\t\t<\/div>\n\t\t\t\t<\/div>\n\t\t\t\t\t<\/div>\n\t\t\t\t<\/div>\n\t\t<div class=\"elementor-element elementor-element-cb96477 e-flex e-con-boxed e-con e-parent\" data-id=\"cb96477\" data-element_type=\"container\">\n\t\t\t\t\t<div class=\"e-con-inner\">\n\t\t\t\t<div class=\"elementor-element elementor-element-bab3469 elementor-arrows-position-outside elementor--h-position-center elementor--v-position-middle elementor-pagination-position-inside elementor-widget elementor-widget-slides\" data-id=\"bab3469\" data-element_type=\"widget\" data-settings=\"{&quot;navigation&quot;:&quot;both&quot;,&quot;autoplay&quot;:&quot;yes&quot;,&quot;pause_on_hover&quot;:&quot;yes&quot;,&quot;pause_on_interaction&quot;:&quot;yes&quot;,&quot;autoplay_speed&quot;:5000,&quot;infinite&quot;:&quot;yes&quot;,&quot;transition&quot;:&quot;slide&quot;,&quot;transition_speed&quot;:500}\" data-widget_type=\"slides.default\">\n\t\t\t\t<div class=\"elementor-widget-container\">\n\t\t\t\t\t\t\t\t\t<div class=\"elementor-swiper\">\n\t\t\t\t\t<div class=\"elementor-slides-wrapper elementor-main-swiper swiper\" role=\"region\" aria-roledescription=\"carousel\" aria-label=\"Slides\" dir=\"ltr\" data-animation=\"fadeInUp\">\n\t\t\t\t<div class=\"swiper-wrapper elementor-slides\">\n\t\t\t\t\t\t\t\t\t\t<div class=\"elementor-repeater-item-c22618f swiper-slide\" role=\"group\" aria-roledescription=\"slide\"><div class=\"swiper-slide-bg\" role=\"img\" aria-label=\"WhatsApp-Image-2025-02-17-at-21.30.50.jpeg\"><\/div><div class=\"swiper-slide-inner\" ><div class=\"swiper-slide-contents\"><div class=\"elementor-slide-heading\">Rostos da Aldeia<\/div><div class=\"elementor-slide-description\">P\u00fablico<\/div><a href=\"https:\/\/www.publico.pt\/2025\/02\/12\/video\/soajo-aldeia-culturas-20250212-112808\" class=\"elementor-button elementor-slide-button elementor-size-sm\">Leia mais<\/a><\/div><\/div><\/div><div class=\"elementor-repeater-item-3fb574c swiper-slide\" role=\"group\" aria-roledescription=\"slide\"><div class=\"swiper-slide-bg\" role=\"img\" aria-label=\"Screenshot-2025-02-21-at-22.49-copy.jpg\"><\/div><a class=\"swiper-slide-inner\" href=\"https:\/\/youtu.be\/ZlDU5PdTWro?si=WR0tQb-esU6eQCgm\"><div class=\"swiper-slide-contents\"><div class=\"elementor-slide-heading\">Reflorestar Portugal<\/div><div  class=\"elementor-button elementor-slide-button elementor-size-sm\">Link<\/div><\/div><\/a><\/div>\t\t\t\t<\/div>\n\t\t\t\t\t\t\t\t\t\t\t\t\t\t\t<div class=\"elementor-swiper-button elementor-swiper-button-prev\" role=\"button\" tabindex=\"0\" aria-label=\"Previous slide\">\n\t\t\t\t\t\t\t<svg aria-hidden=\"true\" class=\"e-font-icon-svg e-eicon-chevron-left\" viewBox=\"0 0 1000 1000\" xmlns=\"http:\/\/www.w3.org\/2000\/svg\"><path d=\"M646 125C629 125 613 133 604 142L308 442C296 454 292 471 292 487 292 504 296 521 308 533L604 854C617 867 629 875 646 875 663 875 679 871 692 858 704 846 713 829 713 812 713 796 708 779 692 767L438 487 692 225C700 217 708 204 708 187 708 171 704 154 692 142 675 129 663 125 646 125Z\"><\/path><\/svg>\t\t\t\t\t\t<\/div>\n\t\t\t\t\t\t<div class=\"elementor-swiper-button elementor-swiper-button-next\" role=\"button\" tabindex=\"0\" aria-label=\"Next slide\">\n\t\t\t\t\t\t\t<svg aria-hidden=\"true\" class=\"e-font-icon-svg e-eicon-chevron-right\" viewBox=\"0 0 1000 1000\" xmlns=\"http:\/\/www.w3.org\/2000\/svg\"><path d=\"M696 533C708 521 713 504 713 487 713 471 708 454 696 446L400 146C388 133 375 125 354 125 338 125 325 129 313 142 300 154 292 171 292 187 292 204 296 221 308 233L563 492 304 771C292 783 288 800 288 817 288 833 296 850 308 863 321 871 338 875 354 875 371 875 388 867 400 854L696 533Z\"><\/path><\/svg>\t\t\t\t\t\t<\/div>\n\t\t\t\t\t\t\t\t\t\t\t\t\t\t\t\t<div class=\"swiper-pagination\"><\/div>\n\t\t\t\t\t\t\t\t\t\t\t\t<\/div>\n\t\t\t\t<\/div>\n\t\t\t\t\t\t\t\t<\/div>\n\t\t\t\t<\/div>\n\t\t\t\t\t<\/div>\n\t\t\t\t<\/div>\n\t\t\t\t<\/div>\n\t\t","protected":false},"excerpt":{"rendered":"<p>JOYAS DA TERRA Sobre n\u00f3s Joyas da Terra s\u00e3o as primeiras letras dos nossos nomes, Joana e Yassine, duas pessoas caminhando juntas, que apreciam a vida com todos os seus contornos, buscando formas de viver mais pr\u00f3ximas e em harmonia com a Terra. Para n\u00f3s a experi\u00eancia de viver uma vida de simplicidade, numa casa [&hellip;]<\/p>\n","protected":false},"author":1,"featured_media":0,"parent":0,"menu_order":0,"comment_status":"closed","ping_status":"closed","template":"elementor_header_footer","meta":{"footnotes":""},"class_list":["post-383","page","type-page","status-publish","hentry"],"_links":{"self":[{"href":"https:\/\/joyasdaterra.org\/index.php\/wp-json\/wp\/v2\/pages\/383","targetHints":{"allow":["GET"]}}],"collection":[{"href":"https:\/\/joyasdaterra.org\/index.php\/wp-json\/wp\/v2\/pages"}],"about":[{"href":"https:\/\/joyasdaterra.org\/index.php\/wp-json\/wp\/v2\/types\/page"}],"author":[{"embeddable":true,"href":"https:\/\/joyasdaterra.org\/index.php\/wp-json\/wp\/v2\/users\/1"}],"replies":[{"embeddable":true,"href":"https:\/\/joyasdaterra.org\/index.php\/wp-json\/wp\/v2\/comments?post=383"}],"version-history":[{"count":22,"href":"https:\/\/joyasdaterra.org\/index.php\/wp-json\/wp\/v2\/pages\/383\/revisions"}],"predecessor-version":[{"id":590,"href":"https:\/\/joyasdaterra.org\/index.php\/wp-json\/wp\/v2\/pages\/383\/revisions\/590"}],"wp:attachment":[{"href":"https:\/\/joyasdaterra.org\/index.php\/wp-json\/wp\/v2\/media?parent=383"}],"curies":[{"name":"wp","href":"https:\/\/api.w.org\/{rel}","templated":true}]}}