{"id":46,"date":"2025-03-31T22:46:09","date_gmt":"2025-03-31T20:46:09","guid":{"rendered":"https:\/\/joyasdaterra.org\/?page_id=46"},"modified":"2025-04-11T19:45:36","modified_gmt":"2025-04-11T17:45:36","slug":"actividades","status":"publish","type":"page","link":"https:\/\/joyasdaterra.org\/index.php\/actividades\/","title":{"rendered":"Actividades"},"content":{"rendered":"\t\t<div data-elementor-type=\"wp-page\" data-elementor-id=\"46\" class=\"elementor elementor-46\" data-elementor-post-type=\"page\">\n\t\t\t\t<div class=\"elementor-element elementor-element-83a2fa3 e-flex e-con-boxed e-con e-parent\" data-id=\"83a2fa3\" data-element_type=\"container\">\n\t\t\t\t\t<div class=\"e-con-inner\">\n\t\t<div class=\"elementor-element elementor-element-0f9a8a4 e-con-full e-flex e-con e-child\" data-id=\"0f9a8a4\" data-element_type=\"container\" data-settings=\"{&quot;motion_fx_motion_fx_scrolling&quot;:&quot;yes&quot;,&quot;motion_fx_range&quot;:&quot;viewport&quot;,&quot;animation&quot;:&quot;none&quot;,&quot;motion_fx_devices&quot;:[&quot;desktop&quot;,&quot;tablet&quot;,&quot;mobile&quot;]}\">\n\t\t\t\t<div class=\"elementor-element elementor-element-6b04419 elementor-widget elementor-widget-heading\" data-id=\"6b04419\" data-element_type=\"widget\" data-widget_type=\"heading.default\">\n\t\t\t\t<div class=\"elementor-widget-container\">\n\t\t\t\t\t<h3 class=\"elementor-heading-title elementor-size-default\">JOYAS DA TERRA<\/h3>\t\t\t\t<\/div>\n\t\t\t\t<\/div>\n\t\t\t\t<div class=\"elementor-element elementor-element-34942b2 elementor-widget elementor-widget-heading\" data-id=\"34942b2\" data-element_type=\"widget\" data-widget_type=\"heading.default\">\n\t\t\t\t<div class=\"elementor-widget-container\">\n\t\t\t\t\t<h2 class=\"elementor-heading-title elementor-size-default\">Actividades<\/h2>\t\t\t\t<\/div>\n\t\t\t\t<\/div>\n\t\t\t\t<\/div>\n\t\t\t\t\t<\/div>\n\t\t\t\t<\/div>\n\t\t<div class=\"elementor-element elementor-element-3ec624a e-con-full e-flex e-con e-parent\" data-id=\"3ec624a\" data-element_type=\"container\">\n\t\t\t\t<div class=\"elementor-element elementor-element-086eda9 elementor-grid-2 elementor-grid-tablet-2 elementor-grid-mobile-1 elementor-posts--thumbnail-top elementor-widget elementor-widget-posts\" data-id=\"086eda9\" data-element_type=\"widget\" data-settings=\"{&quot;classic_columns&quot;:&quot;2&quot;,&quot;pagination_type&quot;:&quot;load_more_infinite_scroll&quot;,&quot;classic_columns_tablet&quot;:&quot;2&quot;,&quot;classic_columns_mobile&quot;:&quot;1&quot;,&quot;classic_row_gap&quot;:{&quot;unit&quot;:&quot;px&quot;,&quot;size&quot;:35,&quot;sizes&quot;:[]},&quot;classic_row_gap_tablet&quot;:{&quot;unit&quot;:&quot;px&quot;,&quot;size&quot;:&quot;&quot;,&quot;sizes&quot;:[]},&quot;classic_row_gap_mobile&quot;:{&quot;unit&quot;:&quot;px&quot;,&quot;size&quot;:&quot;&quot;,&quot;sizes&quot;:[]},&quot;load_more_spinner&quot;:{&quot;value&quot;:&quot;fas fa-spinner&quot;,&quot;library&quot;:&quot;fa-solid&quot;}}\" data-widget_type=\"posts.classic\">\n\t\t\t\t<div class=\"elementor-widget-container\">\n\t\t\t\t\t\t\t<div class=\"elementor-posts-container elementor-posts elementor-posts--skin-classic elementor-grid\" role=\"list\">\n\t\t\t\t<article class=\"elementor-post elementor-grid-item post-634 post type-post status-publish format-standard has-post-thumbnail hentry category-actividades category-curso category-retiro\" role=\"listitem\">\n\t\t\t\t<a class=\"elementor-post__thumbnail__link\" href=\"https:\/\/joyasdaterra.org\/index.php\/2026\/02\/09\/pdc_sernatureza\/\" tabindex=\"-1\" >\n\t\t\t<div class=\"elementor-post__thumbnail\"><img decoding=\"async\" width=\"300\" height=\"166\" src=\"https:\/\/joyasdaterra.org\/wp-content\/uploads\/2026\/02\/PDC-Ser-Natureza-e1770659605845-300x166.png\" class=\"attachment-medium size-medium wp-image-652\" alt=\"\" srcset=\"https:\/\/joyasdaterra.org\/wp-content\/uploads\/2026\/02\/PDC-Ser-Natureza-e1770659605845-300x166.png 300w, https:\/\/joyasdaterra.org\/wp-content\/uploads\/2026\/02\/PDC-Ser-Natureza-e1770659605845-1024x566.png 1024w, https:\/\/joyasdaterra.org\/wp-content\/uploads\/2026\/02\/PDC-Ser-Natureza-e1770659605845-768x424.png 768w, https:\/\/joyasdaterra.org\/wp-content\/uploads\/2026\/02\/PDC-Ser-Natureza-e1770659605845.png 1073w\" sizes=\"(max-width: 300px) 100vw, 300px\" \/><\/div>\n\t\t<\/a>\n\t\t\t\t<div class=\"elementor-post__text\">\n\t\t\t\t<h2 class=\"elementor-post__title\">\n\t\t\t<a href=\"https:\/\/joyasdaterra.org\/index.php\/2026\/02\/09\/pdc_sernatureza\/\" >\n\t\t\t\tCurso de Design em Permacultura\t\t\t<\/a>\n\t\t<\/h2>\n\t\t\t\t<div class=\"elementor-post__excerpt\">\n\t\t\t<p>2026, PDC, Permacultura, Sustentabilidade, Regenera\u00e7\u00e3o, Natureza<\/p>\n\t\t<\/div>\n\t\t\t\t<\/div>\n\t\t\t\t<\/article>\n\t\t\t\t<article class=\"elementor-post elementor-grid-item post-633 post type-post status-publish format-standard has-post-thumbnail hentry category-actividades category-curso category-retiro\" role=\"listitem\">\n\t\t\t\t<a class=\"elementor-post__thumbnail__link\" href=\"https:\/\/joyasdaterra.org\/index.php\/2026\/02\/09\/retiros-de-yoga-3\/\" tabindex=\"-1\" >\n\t\t\t<div class=\"elementor-post__thumbnail\"><img decoding=\"async\" width=\"300\" height=\"126\" src=\"https:\/\/joyasdaterra.org\/wp-content\/uploads\/2025\/04\/wild-putos-5-e1770934750993-300x126.png\" class=\"attachment-medium size-medium wp-image-643\" alt=\"\" srcset=\"https:\/\/joyasdaterra.org\/wp-content\/uploads\/2025\/04\/wild-putos-5-e1770934750993-300x126.png 300w, https:\/\/joyasdaterra.org\/wp-content\/uploads\/2025\/04\/wild-putos-5-e1770934750993-1024x432.png 1024w, https:\/\/joyasdaterra.org\/wp-content\/uploads\/2025\/04\/wild-putos-5-e1770934750993-768x324.png 768w, https:\/\/joyasdaterra.org\/wp-content\/uploads\/2025\/04\/wild-putos-5-e1770934750993-1536x648.png 1536w, https:\/\/joyasdaterra.org\/wp-content\/uploads\/2025\/04\/wild-putos-5-e1770934750993-1200x506.png 1200w, https:\/\/joyasdaterra.org\/wp-content\/uploads\/2025\/04\/wild-putos-5-e1770934750993.png 1888w\" sizes=\"(max-width: 300px) 100vw, 300px\" \/><\/div>\n\t\t<\/a>\n\t\t\t\t<div class=\"elementor-post__text\">\n\t\t\t\t<h2 class=\"elementor-post__title\">\n\t\t\t<a href=\"https:\/\/joyasdaterra.org\/index.php\/2026\/02\/09\/retiros-de-yoga-3\/\" >\n\t\t\t\tWild Putos\t\t\t<\/a>\n\t\t<\/h2>\n\t\t\t\t<div class=\"elementor-post__excerpt\">\n\t\t\t<p>2026, Acampamento, Crian\u00e7as, Jovens, Montanha, Natureza<\/p>\n\t\t<\/div>\n\t\t\t\t<\/div>\n\t\t\t\t<\/article>\n\t\t\t\t<article class=\"elementor-post elementor-grid-item post-621 post type-post status-publish format-standard has-post-thumbnail hentry category-actividades category-curso category-retiro tag-curso tag-regeneracao\" role=\"listitem\">\n\t\t\t\t<a class=\"elementor-post__thumbnail__link\" href=\"https:\/\/joyasdaterra.org\/index.php\/2025\/07\/14\/yogasoajo\/\" tabindex=\"-1\" >\n\t\t\t<div class=\"elementor-post__thumbnail\"><img fetchpriority=\"high\" decoding=\"async\" width=\"300\" height=\"200\" src=\"https:\/\/joyasdaterra.org\/wp-content\/uploads\/2025\/07\/Design-sem-nome-e1770936524975-300x200.png\" class=\"attachment-medium size-medium wp-image-673\" alt=\"Aulas de Yoga no Soajo\" srcset=\"https:\/\/joyasdaterra.org\/wp-content\/uploads\/2025\/07\/Design-sem-nome-e1770936524975-300x200.png 300w, https:\/\/joyasdaterra.org\/wp-content\/uploads\/2025\/07\/Design-sem-nome-e1770936524975-768x512.png 768w, https:\/\/joyasdaterra.org\/wp-content\/uploads\/2025\/07\/Design-sem-nome-e1770936524975-1024x683.png 1024w, https:\/\/joyasdaterra.org\/wp-content\/uploads\/2025\/07\/Design-sem-nome-e1770936524975.png 1200w\" sizes=\"(max-width: 300px) 100vw, 300px\" \/><\/div>\n\t\t<\/a>\n\t\t\t\t<div class=\"elementor-post__text\">\n\t\t\t\t<h2 class=\"elementor-post__title\">\n\t\t\t<a href=\"https:\/\/joyasdaterra.org\/index.php\/2025\/07\/14\/yogasoajo\/\" >\n\t\t\t\tAulas de Yoga no Soajo\t\t\t<\/a>\n\t\t<\/h2>\n\t\t\t\t<div class=\"elementor-post__excerpt\">\n\t\t\t<p>2026, Yoga, Soajo, Parque Nacional Peneda Ger\u00eas, Conex\u00e3o<\/p>\n\t\t<\/div>\n\t\t\t\t<\/div>\n\t\t\t\t<\/article>\n\t\t\t\t<article class=\"elementor-post elementor-grid-item post-164 post type-post status-publish format-standard has-post-thumbnail hentry category-actividades category-curso category-retiro\" role=\"listitem\">\n\t\t\t\t<a class=\"elementor-post__thumbnail__link\" href=\"https:\/\/joyasdaterra.org\/index.php\/2025\/04\/10\/retiros-de-yoga\/\" tabindex=\"-1\" >\n\t\t\t<div class=\"elementor-post__thumbnail\"><img loading=\"lazy\" decoding=\"async\" width=\"300\" height=\"300\" src=\"https:\/\/joyasdaterra.org\/wp-content\/uploads\/2025\/04\/retiro-yoga-300x300.png\" class=\"attachment-medium size-medium wp-image-174\" alt=\"\" srcset=\"https:\/\/joyasdaterra.org\/wp-content\/uploads\/2025\/04\/retiro-yoga-300x300.png 300w, https:\/\/joyasdaterra.org\/wp-content\/uploads\/2025\/04\/retiro-yoga-150x150.png 150w, https:\/\/joyasdaterra.org\/wp-content\/uploads\/2025\/04\/retiro-yoga-768x768.png 768w, https:\/\/joyasdaterra.org\/wp-content\/uploads\/2025\/04\/retiro-yoga.png 772w\" sizes=\"(max-width: 300px) 100vw, 300px\" \/><\/div>\n\t\t<\/a>\n\t\t\t\t<div class=\"elementor-post__text\">\n\t\t\t\t<h2 class=\"elementor-post__title\">\n\t\t\t<a href=\"https:\/\/joyasdaterra.org\/index.php\/2025\/04\/10\/retiros-de-yoga\/\" >\n\t\t\t\tRetiros de Yoga\t\t\t<\/a>\n\t\t<\/h2>\n\t\t\t\t<div class=\"elementor-post__excerpt\">\n\t\t\t<p>2025, Retiro, Yoga, Hatha, Medita\u00e7\u00e3o, Natureza<\/p>\n\t\t<\/div>\n\t\t\t\t<\/div>\n\t\t\t\t<\/article>\n\t\t\t\t<article class=\"elementor-post elementor-grid-item post-229 post type-post status-publish format-standard has-post-thumbnail hentry category-actividades category-curso category-retiro tag-curso tag-regeneracao\" role=\"listitem\">\n\t\t\t\t<a class=\"elementor-post__thumbnail__link\" href=\"https:\/\/joyasdaterra.org\/index.php\/2025\/04\/10\/vivencia-de-ecoconstrucao\/\" tabindex=\"-1\" >\n\t\t\t<div class=\"elementor-post__thumbnail\"><img loading=\"lazy\" decoding=\"async\" width=\"300\" height=\"150\" src=\"https:\/\/joyasdaterra.org\/wp-content\/uploads\/2025\/04\/DSC0507-e1739888847969-300x150.jpg\" class=\"attachment-medium size-medium wp-image-279\" alt=\"\" srcset=\"https:\/\/joyasdaterra.org\/wp-content\/uploads\/2025\/04\/DSC0507-e1739888847969-300x150.jpg 300w, https:\/\/joyasdaterra.org\/wp-content\/uploads\/2025\/04\/DSC0507-e1739888847969-1024x514.jpg 1024w, https:\/\/joyasdaterra.org\/wp-content\/uploads\/2025\/04\/DSC0507-e1739888847969-768x385.jpg 768w, https:\/\/joyasdaterra.org\/wp-content\/uploads\/2025\/04\/DSC0507-e1739888847969-1200x602.jpg 1200w, https:\/\/joyasdaterra.org\/wp-content\/uploads\/2025\/04\/DSC0507-e1739888847969.jpg 1280w\" sizes=\"(max-width: 300px) 100vw, 300px\" \/><\/div>\n\t\t<\/a>\n\t\t\t\t<div class=\"elementor-post__text\">\n\t\t\t\t<h2 class=\"elementor-post__title\">\n\t\t\t<a href=\"https:\/\/joyasdaterra.org\/index.php\/2025\/04\/10\/vivencia-de-ecoconstrucao\/\" >\n\t\t\t\tViv\u00eancia de Ecoconstru\u00e7\u00e3o\t\t\t<\/a>\n\t\t<\/h2>\n\t\t\t\t<div class=\"elementor-post__excerpt\">\n\t\t\t<p>2025, Ecoconstru\u00e7\u00e3o, Lightstraw, constru\u00e7\u00e3o natural, bio-arquitectura<\/p>\n\t\t<\/div>\n\t\t\t\t<\/div>\n\t\t\t\t<\/article>\n\t\t\t\t<article class=\"elementor-post elementor-grid-item post-216 post type-post status-publish format-standard has-post-thumbnail hentry category-actividades category-curso category-retiro\" role=\"listitem\">\n\t\t\t\t<a class=\"elementor-post__thumbnail__link\" href=\"https:\/\/joyasdaterra.org\/index.php\/2025\/04\/09\/curso-de-design-em-permacultura\/\" tabindex=\"-1\" >\n\t\t\t<div class=\"elementor-post__thumbnail\"><img loading=\"lazy\" decoding=\"async\" width=\"300\" height=\"200\" src=\"https:\/\/joyasdaterra.org\/wp-content\/uploads\/2025\/04\/DSC0964-300x200.jpg\" class=\"attachment-medium size-medium wp-image-217\" alt=\"\" srcset=\"https:\/\/joyasdaterra.org\/wp-content\/uploads\/2025\/04\/DSC0964-300x200.jpg 300w, https:\/\/joyasdaterra.org\/wp-content\/uploads\/2025\/04\/DSC0964-1024x682.jpg 1024w, https:\/\/joyasdaterra.org\/wp-content\/uploads\/2025\/04\/DSC0964-768x512.jpg 768w, https:\/\/joyasdaterra.org\/wp-content\/uploads\/2025\/04\/DSC0964-1200x800.jpg 1200w, https:\/\/joyasdaterra.org\/wp-content\/uploads\/2025\/04\/DSC0964.jpg 1280w\" sizes=\"(max-width: 300px) 100vw, 300px\" \/><\/div>\n\t\t<\/a>\n\t\t\t\t<div class=\"elementor-post__text\">\n\t\t\t\t<h2 class=\"elementor-post__title\">\n\t\t\t<a href=\"https:\/\/joyasdaterra.org\/index.php\/2025\/04\/09\/curso-de-design-em-permacultura\/\" >\n\t\t\t\tCurso de Design em Permacultura\t\t\t<\/a>\n\t\t<\/h2>\n\t\t\t\t<div class=\"elementor-post__excerpt\">\n\t\t\t<p>2025, Curso, Regenerativa, Permacultura, PDC, Joyas da Terra<\/p>\n\t\t<\/div>\n\t\t\t\t<\/div>\n\t\t\t\t<\/article>\n\t\t\t\t<\/div>\n\t\t\t\t\t<span class=\"e-load-more-spinner\">\n\t\t\t\t<svg aria-hidden=\"true\" class=\"e-font-icon-svg e-fas-spinner\" viewBox=\"0 0 512 512\" xmlns=\"http:\/\/www.w3.org\/2000\/svg\"><path d=\"M304 48c0 26.51-21.49 48-48 48s-48-21.49-48-48 21.49-48 48-48 48 21.49 48 48zm-48 368c-26.51 0-48 21.49-48 48s21.49 48 48 48 48-21.49 48-48-21.49-48-48-48zm208-208c-26.51 0-48 21.49-48 48s21.49 48 48 48 48-21.49 48-48-21.49-48-48-48zM96 256c0-26.51-21.49-48-48-48S0 229.49 0 256s21.49 48 48 48 48-21.49 48-48zm12.922 99.078c-26.51 0-48 21.49-48 48s21.49 48 48 48 48-21.49 48-48c0-26.509-21.491-48-48-48zm294.156 0c-26.51 0-48 21.49-48 48s21.49 48 48 48 48-21.49 48-48c0-26.509-21.49-48-48-48zM108.922 60.922c-26.51 0-48 21.49-48 48s21.49 48 48 48 48-21.49 48-48-21.491-48-48-48z\"><\/path><\/svg>\t\t\t<\/span>\n\t\t\n\t\t\t\t<div class=\"e-load-more-anchor\" data-page=\"1\" data-max-page=\"2\" data-next-page=\"https:\/\/joyasdaterra.org\/index.php\/wp-json\/wp\/v2\/pages\/46\/page\/2\/\"><\/div>\n\t\t\t\t<div class=\"e-load-more-message\"><\/div>\n\t\t\t\t\t\t<\/div>\n\t\t\t\t<\/div>\n\t\t\t\t<\/div>\n\t\t<div class=\"elementor-element elementor-element-c069182 e-flex e-con-boxed e-con e-parent\" data-id=\"c069182\" data-element_type=\"container\">\n\t\t\t\t\t<div class=\"e-con-inner\">\n\t\t\t\t\t<\/div>\n\t\t\t\t<\/div>\n\t\t\t\t<\/div>\n\t\t","protected":false},"excerpt":{"rendered":"<p>JOYAS DA TERRA Actividades<\/p>\n","protected":false},"author":1,"featured_media":0,"parent":0,"menu_order":0,"comment_status":"closed","ping_status":"closed","template":"elementor_header_footer","meta":{"footnotes":""},"class_list":["post-46","page","type-page","status-publish","hentry"],"_links":{"self":[{"href":"https:\/\/joyasdaterra.org\/index.php\/wp-json\/wp\/v2\/pages\/46","targetHints":{"allow":["GET"]}}],"collection":[{"href":"https:\/\/joyasdaterra.org\/index.php\/wp-json\/wp\/v2\/pages"}],"about":[{"href":"https:\/\/joyasdaterra.org\/index.php\/wp-json\/wp\/v2\/types\/page"}],"author":[{"embeddable":true,"href":"https:\/\/joyasdaterra.org\/index.php\/wp-json\/wp\/v2\/users\/1"}],"replies":[{"embeddable":true,"href":"https:\/\/joyasdaterra.org\/index.php\/wp-json\/wp\/v2\/comments?post=46"}],"version-history":[{"count":19,"href":"https:\/\/joyasdaterra.org\/index.php\/wp-json\/wp\/v2\/pages\/46\/revisions"}],"predecessor-version":[{"id":553,"href":"https:\/\/joyasdaterra.org\/index.php\/wp-json\/wp\/v2\/pages\/46\/revisions\/553"}],"wp:attachment":[{"href":"https:\/\/joyasdaterra.org\/index.php\/wp-json\/wp\/v2\/media?parent=46"}],"curies":[{"name":"wp","href":"https:\/\/api.w.org\/{rel}","templated":true}]}}