{"id":54,"date":"2025-03-31T22:47:49","date_gmt":"2025-03-31T20:47:49","guid":{"rendered":"https:\/\/joyasdaterra.org\/?page_id=54"},"modified":"2025-04-10T13:43:23","modified_gmt":"2025-04-10T11:43:23","slug":"design-geral","status":"publish","type":"page","link":"https:\/\/joyasdaterra.org\/index.php\/consultoria\/design-geral\/","title":{"rendered":"Design Geral"},"content":{"rendered":"\t\t<div data-elementor-type=\"wp-page\" data-elementor-id=\"54\" class=\"elementor elementor-54\" data-elementor-post-type=\"page\">\n\t\t\t\t<div class=\"elementor-element elementor-element-fc50914 e-flex e-con-boxed e-con e-parent\" data-id=\"fc50914\" data-element_type=\"container\">\n\t\t\t\t\t<div class=\"e-con-inner\">\n\t\t<div class=\"elementor-element elementor-element-64d84d3 e-con-full e-flex e-con e-child\" data-id=\"64d84d3\" data-element_type=\"container\">\n\t\t<div class=\"elementor-element elementor-element-11d8cce e-con-full e-flex e-con e-child\" data-id=\"11d8cce\" data-element_type=\"container\" data-settings=\"{&quot;motion_fx_motion_fx_scrolling&quot;:&quot;yes&quot;,&quot;motion_fx_range&quot;:&quot;viewport&quot;,&quot;sticky&quot;:&quot;top&quot;,&quot;motion_fx_devices&quot;:[&quot;desktop&quot;,&quot;tablet&quot;,&quot;mobile&quot;],&quot;sticky_on&quot;:[&quot;desktop&quot;,&quot;tablet&quot;,&quot;mobile&quot;],&quot;sticky_offset&quot;:0,&quot;sticky_effects_offset&quot;:0,&quot;sticky_anchor_link_offset&quot;:0}\">\n\t\t\t\t<div class=\"elementor-element elementor-element-0e6ae4f elementor-widget elementor-widget-heading\" data-id=\"0e6ae4f\" data-element_type=\"widget\" data-widget_type=\"heading.default\">\n\t\t\t\t<div class=\"elementor-widget-container\">\n\t\t\t\t\t<h3 class=\"elementor-heading-title elementor-size-default\">JOYAS DA TERRA<\/h3>\t\t\t\t<\/div>\n\t\t\t\t<\/div>\n\t\t\t\t<div class=\"elementor-element elementor-element-3bab1a4 elementor-widget elementor-widget-heading\" data-id=\"3bab1a4\" data-element_type=\"widget\" data-widget_type=\"heading.default\">\n\t\t\t\t<div class=\"elementor-widget-container\">\n\t\t\t\t\t<h2 class=\"elementor-heading-title elementor-size-default\">Design Geral<\/h2>\t\t\t\t<\/div>\n\t\t\t\t<\/div>\n\t\t\t\t<\/div>\n\t\t\t\t<\/div>\n\t\t\t\t\t<\/div>\n\t\t\t\t<\/div>\n\t\t<div class=\"elementor-element elementor-element-5712b2e e-flex e-con-boxed e-con e-parent\" data-id=\"5712b2e\" data-element_type=\"container\">\n\t\t\t\t\t<div class=\"e-con-inner\">\n\t\t\t\t<div class=\"elementor-element elementor-element-ff15af1 elementor-widget__width-inherit elementor-widget elementor-widget-image\" data-id=\"ff15af1\" data-element_type=\"widget\" data-widget_type=\"image.default\">\n\t\t\t\t<div class=\"elementor-widget-container\">\n\t\t\t\t\t\t\t\t\t\t\t\t\t\t\t<img fetchpriority=\"high\" decoding=\"async\" width=\"1280\" height=\"853\" src=\"https:\/\/joyasdaterra.org\/wp-content\/uploads\/2025\/04\/DSC0780.jpg\" class=\"attachment-full size-full wp-image-316\" alt=\"\" srcset=\"https:\/\/joyasdaterra.org\/wp-content\/uploads\/2025\/04\/DSC0780.jpg 1280w, https:\/\/joyasdaterra.org\/wp-content\/uploads\/2025\/04\/DSC0780-300x200.jpg 300w, https:\/\/joyasdaterra.org\/wp-content\/uploads\/2025\/04\/DSC0780-1024x682.jpg 1024w, https:\/\/joyasdaterra.org\/wp-content\/uploads\/2025\/04\/DSC0780-768x512.jpg 768w, https:\/\/joyasdaterra.org\/wp-content\/uploads\/2025\/04\/DSC0780-1200x800.jpg 1200w\" sizes=\"(max-width: 1280px) 100vw, 1280px\" \/>\t\t\t\t\t\t\t\t\t\t\t\t\t\t\t<\/div>\n\t\t\t\t<\/div>\n\t\t\t\t\t<\/div>\n\t\t\t\t<\/div>\n\t\t<div class=\"elementor-element elementor-element-56611d1 e-flex e-con-boxed e-con e-parent\" data-id=\"56611d1\" data-element_type=\"container\">\n\t\t\t\t\t<div class=\"e-con-inner\">\n\t\t<div class=\"elementor-element elementor-element-6d5d558 e-con-full e-flex e-con e-child\" data-id=\"6d5d558\" data-element_type=\"container\">\n\t\t\t\t<div class=\"elementor-element elementor-element-543df13 elementor-hidden-mobile elementor-widget elementor-widget-image\" data-id=\"543df13\" data-element_type=\"widget\" data-widget_type=\"image.default\">\n\t\t\t\t<div class=\"elementor-widget-container\">\n\t\t\t\t\t\t\t\t\t\t\t\t\t\t\t<img decoding=\"async\" width=\"221\" height=\"300\" src=\"https:\/\/joyasdaterra.org\/wp-content\/uploads\/2025\/04\/Projeto-de-Permacultura-OMMM-A2-2-221x300.png\" class=\"attachment-medium size-medium wp-image-328\" alt=\"\" srcset=\"https:\/\/joyasdaterra.org\/wp-content\/uploads\/2025\/04\/Projeto-de-Permacultura-OMMM-A2-2-221x300.png 221w, https:\/\/joyasdaterra.org\/wp-content\/uploads\/2025\/04\/Projeto-de-Permacultura-OMMM-A2-2-754x1024.png 754w, https:\/\/joyasdaterra.org\/wp-content\/uploads\/2025\/04\/Projeto-de-Permacultura-OMMM-A2-2-768x1043.png 768w, https:\/\/joyasdaterra.org\/wp-content\/uploads\/2025\/04\/Projeto-de-Permacultura-OMMM-A2-2-1131x1536.png 1131w, https:\/\/joyasdaterra.org\/wp-content\/uploads\/2025\/04\/Projeto-de-Permacultura-OMMM-A2-2.png 1200w\" sizes=\"(max-width: 221px) 100vw, 221px\" \/>\t\t\t\t\t\t\t\t\t\t\t\t\t\t\t<\/div>\n\t\t\t\t<\/div>\n\t\t\t\t<\/div>\n\t\t<div class=\"elementor-element elementor-element-1cce5e4 e-con-full e-flex e-con e-child\" data-id=\"1cce5e4\" data-element_type=\"container\">\n\t\t\t\t<div class=\"elementor-element elementor-element-81a1906 elementor-widget elementor-widget-text-editor\" data-id=\"81a1906\" data-element_type=\"widget\" data-widget_type=\"text-editor.default\">\n\t\t\t\t<div class=\"elementor-widget-container\">\n\t\t\t\t\t\t\t\t\t<p>Para al\u00e9m de trabalharmos na nossa terra, apoiamos outros projetos que queiram usar a harmonia e efici\u00eancia que um design de Permacultura traz para o terreno. Um Design Geral inclui uma vis\u00e3o hol\u00edstica e global daquilo que o terreno pode se tornar interligando as v\u00e1rias \u00e1reas de interven\u00e7\u00e3o.<\/p>\t\t\t\t\t\t\t\t<\/div>\n\t\t\t\t<\/div>\n\t\t\t\t<div class=\"elementor-element elementor-element-dd0384b elementor-widget elementor-widget-text-editor\" data-id=\"dd0384b\" data-element_type=\"widget\" data-widget_type=\"text-editor.default\">\n\t\t\t\t<div class=\"elementor-widget-container\">\n\t\t\t\t\t\t\t\t\t<p>De acordo com as necessidades das pessoas, a nossa consultoria pode limitar-se a uma visita ao terreno para, a realizar design geral e espec\u00edfico ou a acompanhar a implementa\u00e7\u00e3o e a gest\u00e3o do projeto a longo prazo(3).<\/p><p>(1). OBSERVA\u00c7\u00c3O E AN\u00c1LISE &#8211; visita t\u00e9cnica ao local com dois focos<br \/>1- Entrevistar o cliente para conhecer os seus desejos e objetivos relativos ao projeto.<\/p><div><p class=\"Textbody\"><span lang=\"PT\">2- Percorrer o local para observar, analisar e produzir um documento que integre a nossa avalia\u00e7\u00e3o do espa\u00e7o e um briefing com o cliente.<\/span><\/p><\/div><div><p class=\"Textbody\"><span lang=\"PT\">(2) DESIGN GERAL ou ESPEC\u00ccFICO &#8211; o design \u00e9 uma diretriz do projeto. O seu objetivo \u00e9 dar suporte e orientar a execu\u00e7\u00e3o do mesmo respeitando-se os pr\u00edncipios de Permacultura. \u00c9 acompanhado por mapas do terreno que consideram os aspetos essenciais para uma interven\u00e7\u00e3o no local: \u00e1gua, acessos, estruturas, vegeta\u00e7\u00e3o e disponibilidade de energia.<\/span><\/p><\/div><div><p class=\"Textbody\"><span class=\"StrongEmphasis\"><span lang=\"PT\">(3) IMPLEMENTA\u00c7\u00c3O<\/span><\/span><span lang=\"PT\">&#8211; a fase de implementa\u00e7\u00e3o precisa de um planeamento estrat\u00e9gico orientado por designs espec\u00edficos e planos de a\u00e7\u00e3o, com responsabilidades, prazo e custo &#8211; para cada \u00e1rea ou sector do projeto. Consoante a sua extens\u00e3o, trabalhamos com o apoio de equipas parceiras na implementa\u00e7\u00e3o de hortas, pomares, agroflorestas, e sistemas de \u00e1gua (capta\u00e7\u00e3o, armazenamento, tratamento, infiltra\u00e7\u00e3o).<\/span><\/p><\/div>\t\t\t\t\t\t\t\t<\/div>\n\t\t\t\t<\/div>\n\t\t\t\t<\/div>\n\t\t\t\t\t<\/div>\n\t\t\t\t<\/div>\n\t\t<div class=\"elementor-element elementor-element-2f53b03 e-flex e-con-boxed e-con e-parent\" data-id=\"2f53b03\" data-element_type=\"container\">\n\t\t\t\t\t<div class=\"e-con-inner\">\n\t\t\t\t<div class=\"elementor-element elementor-element-98c1b9a elementor-arrows-position-inside elementor-widget elementor-widget-image-carousel\" data-id=\"98c1b9a\" data-element_type=\"widget\" data-settings=\"{&quot;slides_to_show&quot;:&quot;4&quot;,&quot;navigation&quot;:&quot;arrows&quot;,&quot;autoplay&quot;:&quot;yes&quot;,&quot;pause_on_hover&quot;:&quot;yes&quot;,&quot;pause_on_interaction&quot;:&quot;yes&quot;,&quot;autoplay_speed&quot;:5000,&quot;infinite&quot;:&quot;yes&quot;,&quot;speed&quot;:500}\" data-widget_type=\"image-carousel.default\">\n\t\t\t\t<div class=\"elementor-widget-container\">\n\t\t\t\t\t\t\t<div class=\"elementor-image-carousel-wrapper swiper\" role=\"region\" aria-roledescription=\"carousel\" aria-label=\"Carrossel de imagens\" dir=\"ltr\">\n\t\t\t<div class=\"elementor-image-carousel swiper-wrapper swiper-image-stretch\" aria-live=\"off\">\n\t\t\t\t\t\t\t\t<div class=\"swiper-slide\" role=\"group\" aria-roledescription=\"slide\" aria-label=\"1 of 6\"><figure class=\"swiper-slide-inner\"><img decoding=\"async\" class=\"swiper-slide-image\" src=\"https:\/\/joyasdaterra.org\/wp-content\/uploads\/2025\/04\/WhatsApp-Image-2022-08-14-at-23.21.52-1.jpeg\" alt=\"WhatsApp-Image-2022-08-14-at-23.21.52-1.jpeg\" \/><\/figure><\/div><div class=\"swiper-slide\" role=\"group\" aria-roledescription=\"slide\" aria-label=\"2 of 6\"><figure class=\"swiper-slide-inner\"><img decoding=\"async\" class=\"swiper-slide-image\" src=\"https:\/\/joyasdaterra.org\/wp-content\/uploads\/2025\/04\/DSC0024.jpg\" alt=\"DSC0024.jpg\" \/><\/figure><\/div><div class=\"swiper-slide\" role=\"group\" aria-roledescription=\"slide\" aria-label=\"3 of 6\"><figure class=\"swiper-slide-inner\"><img decoding=\"async\" class=\"swiper-slide-image\" src=\"https:\/\/joyasdaterra.org\/wp-content\/uploads\/2025\/04\/design-geral.png\" alt=\"design-geral.png\" \/><\/figure><\/div><div class=\"swiper-slide\" role=\"group\" aria-roledescription=\"slide\" aria-label=\"4 of 6\"><figure class=\"swiper-slide-inner\"><img decoding=\"async\" class=\"swiper-slide-image\" src=\"https:\/\/joyasdaterra.org\/wp-content\/uploads\/2025\/04\/design-geral-1.png\" alt=\"design-geral-1.png\" \/><\/figure><\/div><div class=\"swiper-slide\" role=\"group\" aria-roledescription=\"slide\" aria-label=\"5 of 6\"><figure class=\"swiper-slide-inner\"><img decoding=\"async\" class=\"swiper-slide-image\" src=\"https:\/\/joyasdaterra.org\/wp-content\/uploads\/2025\/04\/20210926_164008-scaled-1.jpg\" alt=\"20210926_164008-scaled.jpg\" \/><\/figure><\/div><div class=\"swiper-slide\" role=\"group\" aria-roledescription=\"slide\" aria-label=\"6 of 6\"><figure class=\"swiper-slide-inner\"><img decoding=\"async\" class=\"swiper-slide-image\" src=\"https:\/\/joyasdaterra.org\/wp-content\/uploads\/2025\/04\/Imagem-WhatsApp-2024-12-19-as-08.57.31_de1bd091.jpg\" alt=\"Imagem-WhatsApp-2024-12-19-as-08.57.31_de1bd091.jpg\" \/><\/figure><\/div>\t\t\t<\/div>\n\t\t\t\t\t\t\t\t\t\t\t\t<div class=\"elementor-swiper-button elementor-swiper-button-prev\" role=\"button\" tabindex=\"0\">\n\t\t\t\t\t\t<svg aria-hidden=\"true\" class=\"e-font-icon-svg e-eicon-chevron-left\" viewBox=\"0 0 1000 1000\" xmlns=\"http:\/\/www.w3.org\/2000\/svg\"><path d=\"M646 125C629 125 613 133 604 142L308 442C296 454 292 471 292 487 292 504 296 521 308 533L604 854C617 867 629 875 646 875 663 875 679 871 692 858 704 846 713 829 713 812 713 796 708 779 692 767L438 487 692 225C700 217 708 204 708 187 708 171 704 154 692 142 675 129 663 125 646 125Z\"><\/path><\/svg>\t\t\t\t\t<\/div>\n\t\t\t\t\t<div class=\"elementor-swiper-button elementor-swiper-button-next\" role=\"button\" tabindex=\"0\">\n\t\t\t\t\t\t<svg aria-hidden=\"true\" class=\"e-font-icon-svg e-eicon-chevron-right\" viewBox=\"0 0 1000 1000\" xmlns=\"http:\/\/www.w3.org\/2000\/svg\"><path d=\"M696 533C708 521 713 504 713 487 713 471 708 454 696 446L400 146C388 133 375 125 354 125 338 125 325 129 313 142 300 154 292 171 292 187 292 204 296 221 308 233L563 492 304 771C292 783 288 800 288 817 288 833 296 850 308 863 321 871 338 875 354 875 371 875 388 867 400 854L696 533Z\"><\/path><\/svg>\t\t\t\t\t<\/div>\n\t\t\t\t\n\t\t\t\t\t\t\t\t\t<\/div>\n\t\t\t\t\t\t<\/div>\n\t\t\t\t<\/div>\n\t\t\t\t\t<\/div>\n\t\t\t\t<\/div>\n\t\t\t\t<\/div>\n\t\t","protected":false},"excerpt":{"rendered":"<p>JOYAS DA TERRA Design Geral Para al\u00e9m de trabalharmos na nossa terra, apoiamos outros projetos que queiram usar a harmonia e efici\u00eancia que um design de Permacultura traz para o terreno. Um Design Geral inclui uma vis\u00e3o hol\u00edstica e global daquilo que o terreno pode se tornar interligando as v\u00e1rias \u00e1reas de interven\u00e7\u00e3o. De acordo [&hellip;]<\/p>\n","protected":false},"author":1,"featured_media":0,"parent":48,"menu_order":0,"comment_status":"closed","ping_status":"closed","template":"elementor_header_footer","meta":{"footnotes":""},"class_list":["post-54","page","type-page","status-publish","hentry"],"_links":{"self":[{"href":"https:\/\/joyasdaterra.org\/index.php\/wp-json\/wp\/v2\/pages\/54","targetHints":{"allow":["GET"]}}],"collection":[{"href":"https:\/\/joyasdaterra.org\/index.php\/wp-json\/wp\/v2\/pages"}],"about":[{"href":"https:\/\/joyasdaterra.org\/index.php\/wp-json\/wp\/v2\/types\/page"}],"author":[{"embeddable":true,"href":"https:\/\/joyasdaterra.org\/index.php\/wp-json\/wp\/v2\/users\/1"}],"replies":[{"embeddable":true,"href":"https:\/\/joyasdaterra.org\/index.php\/wp-json\/wp\/v2\/comments?post=54"}],"version-history":[{"count":10,"href":"https:\/\/joyasdaterra.org\/index.php\/wp-json\/wp\/v2\/pages\/54\/revisions"}],"predecessor-version":[{"id":503,"href":"https:\/\/joyasdaterra.org\/index.php\/wp-json\/wp\/v2\/pages\/54\/revisions\/503"}],"up":[{"embeddable":true,"href":"https:\/\/joyasdaterra.org\/index.php\/wp-json\/wp\/v2\/pages\/48"}],"wp:attachment":[{"href":"https:\/\/joyasdaterra.org\/index.php\/wp-json\/wp\/v2\/media?parent=54"}],"curies":[{"name":"wp","href":"https:\/\/api.w.org\/{rel}","templated":true}]}}